{"id":1473,"date":"2022-04-05T13:26:34","date_gmt":"2022-04-05T11:26:34","guid":{"rendered":"https:\/\/wp.gekupack.de\/?page_id=1473"},"modified":"2022-05-04T15:40:08","modified_gmt":"2022-05-04T13:40:08","slug":"impressum","status":"publish","type":"page","link":"https:\/\/gekupack.de\/en\/impressum\/","title":{"rendered":"Imprint"},"content":{"rendered":"<p>GK INDUS\u00adTRIES GMBH<br>Gekupack<sup>\u00ae<\/sup>&nbsp;Ver\u00adpack\u00adung\u00ads\u00adtechnik<br>Marie-Curie-Str. 15\u201317<br>D\u201124568 Kal\u00adten\u00adkirchen<\/p>\n\n\n\n<p>Telefon:&nbsp;&nbsp;&nbsp; +49 (0)4191 76709\u201310<br>Telefax:&nbsp;&nbsp;&nbsp;&nbsp;+49 (0)4191 76709\u201399<\/p>\n\n\n\n<p><br>E\u2011Mail:&nbsp;&nbsp;&nbsp;&nbsp;&nbsp;&nbsp;&nbsp;&nbsp; info@gekupack.de<br>Internet:&nbsp;&nbsp;&nbsp;&nbsp;&nbsp;&nbsp; www.gekupack.de<\/p>\n\n\n\n<p>Man\u00adaging dir\u00adector authorised to rep\u00adresent the company: Nils Schr\u00f6der<\/p>\n\n\n\n<p>Register Court: Local Court Kiel<br>Regis\u00adtration number: HRB 2480 (NO)<\/p>\n\n\n\n<p>Sales tax iden\u00adti\u00adfic\u00adation number: DE 134 889&nbsp;291<\/p>\n\n\n\n<p>Dis\u00adclaimer:<br>Despite careful control of the content, we assume no liab\u00adility for the content of external links. The oper\u00adators of the linked pages are solely responsible for their content.<\/p>","protected":false},"excerpt":{"rendered":"<p>GK INDUS\u00adTRIES GMB\u00adHGekupack\u00ae&nbsp;Ver\u00adpack\u00adung\u00ads\u00adtech\u00adnikMarie-Curie-Str. 15\u201317D-24568 Kal\u00adten\u00adkirchen Telefon:&nbsp;&nbsp;&nbsp; +49 (0)4191 76709\u201310Telefax:&nbsp;&nbsp;&nbsp;&nbsp;+49 (0)4191 76709\u201399 E\u2011Mail:&nbsp;&nbsp;&nbsp;&nbsp;&nbsp;&nbsp;&nbsp;&nbsp; info@gekupack.deInternet:&nbsp;&nbsp;&nbsp;&nbsp;&nbsp;&nbsp; www.gekupack.de Ver\u00adtre\u00adtungs\u00adberechtigter Gesch\u00e4fts\u00adf\u00fchrer:&nbsp; Nils Schr\u00f6der Register\u00adgericht:&nbsp;&nbsp;&nbsp;&nbsp; Amts\u00adgericht KielRe\u00adgisternummer:&nbsp;&nbsp; HRB 2480 (NO) Umsatz\u00adsteuer-Iden\u00adti\u00adfika\u00adtion\u00adsnummer:&nbsp;&nbsp; DE 134 889 291 Haftungshinweis:Trotz \u2026<\/p>","protected":false},"author":1,"featured_media":0,"parent":0,"menu_order":0,"comment_status":"closed","ping_status":"closed","template":"","meta":{"wp_typography_post_enhancements_disabled":false,"footnotes":""},"class_list":["post-1473","page","type-page","status-publish","hentry"],"yoast_head":"<!-- This site is optimized with the Yoast SEO plugin v27.3 - https:\/\/yoast.com\/product\/yoast-seo-wordpress\/ -->\n<title>Impressum | GK Industries GmbH<\/title>\n<meta name=\"robots\" content=\"noindex, follow\" \/>\n<meta property=\"og:locale\" content=\"en_GB\" \/>\n<meta property=\"og:type\" content=\"article\" \/>\n<meta property=\"og:title\" content=\"Impressum | GK Industries GmbH\" \/>\n<meta property=\"og:description\" content=\"GK INDUSTRIES GMBHGekupack\u00ae&nbsp;VerpackungstechnikMarie-Curie-Str. 15-17D-24568 Kaltenkirchen Telefon:&nbsp;&nbsp;&nbsp; +49 (0)4191 76709-10Telefax:&nbsp;&nbsp;&nbsp;&nbsp;+49 (0)4191 76709-99 E-Mail:&nbsp;&nbsp;&nbsp;&nbsp;&nbsp;&nbsp;&nbsp;&nbsp; info@gekupack.deInternet:&nbsp;&nbsp;&nbsp;&nbsp;&nbsp;&nbsp; www.gekupack.de Vertretungsberechtigter Gesch\u00e4ftsf\u00fchrer:&nbsp; Nils Schr\u00f6der Registergericht:&nbsp;&nbsp;&nbsp;&nbsp; Amtsgericht KielRegisternummer:&nbsp;&nbsp; HRB 2480 (NO) Umsatzsteuer-Identifikationsnummer:&nbsp;&nbsp; DE 134 889 291 Haftungshinweis:Trotz ...\" \/>\n<meta property=\"og:url\" content=\"https:\/\/gekupack.de\/en\/impressum\/\" \/>\n<meta property=\"og:site_name\" content=\"GK Industries GmbH\" \/>\n<meta property=\"article:publisher\" content=\"https:\/\/www.facebook.com\/gekupack\/\" \/>\n<meta property=\"article:modified_time\" content=\"2022-05-04T13:40:08+00:00\" \/>\n<meta name=\"twitter:card\" content=\"summary_large_image\" \/>\n<meta name=\"twitter:label1\" content=\"Estimated reading time\" \/>\n\t<meta name=\"twitter:data1\" content=\"1 minute\" \/>\n<script type=\"application\/ld+json\" class=\"yoast-schema-graph\">{\"@context\":\"https:\\\/\\\/schema.org\",\"@graph\":[{\"@type\":\"WebPage\",\"@id\":\"https:\\\/\\\/gekupack.de\\\/impressum\\\/\",\"url\":\"https:\\\/\\\/gekupack.de\\\/impressum\\\/\",\"name\":\"Impressum | GK Industries GmbH\",\"isPartOf\":{\"@id\":\"https:\\\/\\\/gekupack.de\\\/#website\"},\"datePublished\":\"2022-04-05T11:26:34+00:00\",\"dateModified\":\"2022-05-04T13:40:08+00:00\",\"breadcrumb\":{\"@id\":\"https:\\\/\\\/gekupack.de\\\/impressum\\\/#breadcrumb\"},\"inLanguage\":\"en-GB\",\"potentialAction\":[{\"@type\":\"ReadAction\",\"target\":[\"https:\\\/\\\/gekupack.de\\\/impressum\\\/\"]}]},{\"@type\":\"BreadcrumbList\",\"@id\":\"https:\\\/\\\/gekupack.de\\\/impressum\\\/#breadcrumb\",\"itemListElement\":[{\"@type\":\"ListItem\",\"position\":1,\"name\":\"Startseite\",\"item\":\"https:\\\/\\\/gekupack.de\\\/\"},{\"@type\":\"ListItem\",\"position\":2,\"name\":\"Impressum\"}]},{\"@type\":\"WebSite\",\"@id\":\"https:\\\/\\\/gekupack.de\\\/#website\",\"url\":\"https:\\\/\\\/gekupack.de\\\/\",\"name\":\"GK Industries GmbH\",\"description\":\"Wir sind Ihr Ansprechpartner, wenn es um L\u00f6sungen im Bereich der Verpackungstechnik geht - von einzelnen Maschinen bis hin zu komplexen Produktionslinien und vollst\u00e4ndigen Anlagen.\",\"publisher\":{\"@id\":\"https:\\\/\\\/gekupack.de\\\/#organization\"},\"potentialAction\":[{\"@type\":\"SearchAction\",\"target\":{\"@type\":\"EntryPoint\",\"urlTemplate\":\"https:\\\/\\\/gekupack.de\\\/?s={search_term_string}\"},\"query-input\":{\"@type\":\"PropertyValueSpecification\",\"valueRequired\":true,\"valueName\":\"search_term_string\"}}],\"inLanguage\":\"en-GB\"},{\"@type\":\"Organization\",\"@id\":\"https:\\\/\\\/gekupack.de\\\/#organization\",\"name\":\"GK Industries GmbH\",\"url\":\"https:\\\/\\\/gekupack.de\\\/\",\"logo\":{\"@type\":\"ImageObject\",\"inLanguage\":\"en-GB\",\"@id\":\"https:\\\/\\\/gekupack.de\\\/#\\\/schema\\\/logo\\\/image\\\/\",\"url\":\"https:\\\/\\\/i0.wp.com\\\/gekupack.de\\\/wp-content\\\/uploads\\\/2022\\\/04\\\/GKI_Logo_komprimiert.png?fit=1146%2C545&ssl=1\",\"contentUrl\":\"https:\\\/\\\/i0.wp.com\\\/gekupack.de\\\/wp-content\\\/uploads\\\/2022\\\/04\\\/GKI_Logo_komprimiert.png?fit=1146%2C545&ssl=1\",\"width\":1146,\"height\":545,\"caption\":\"GK Industries GmbH\"},\"image\":{\"@id\":\"https:\\\/\\\/gekupack.de\\\/#\\\/schema\\\/logo\\\/image\\\/\"},\"sameAs\":[\"https:\\\/\\\/www.facebook.com\\\/gekupack\\\/\"]}]}<\/script>\n<!-- \/ Yoast SEO plugin. -->","yoast_head_json":{"title":"Impressum | GK Indus\u00adtries&nbsp;GmbH","robots":{"index":"noindex","follow":"follow"},"og_locale":"en_GB","og_type":"article","og_title":"Impressum | GK Industries GmbH","og_description":"GK INDUSTRIES GMBHGekupack\u00ae&nbsp;VerpackungstechnikMarie-Curie-Str. 15-17D-24568 Kaltenkirchen Telefon:&nbsp;&nbsp;&nbsp; +49 (0)4191 76709-10Telefax:&nbsp;&nbsp;&nbsp;&nbsp;+49 (0)4191 76709-99 E-Mail:&nbsp;&nbsp;&nbsp;&nbsp;&nbsp;&nbsp;&nbsp;&nbsp; info@gekupack.deInternet:&nbsp;&nbsp;&nbsp;&nbsp;&nbsp;&nbsp; www.gekupack.de Vertretungsberechtigter Gesch\u00e4ftsf\u00fchrer:&nbsp; Nils Schr\u00f6der Registergericht:&nbsp;&nbsp;&nbsp;&nbsp; Amtsgericht KielRegisternummer:&nbsp;&nbsp; HRB 2480 (NO) Umsatzsteuer-Identifikationsnummer:&nbsp;&nbsp; DE 134 889 291 Haftungshinweis:Trotz ...","og_url":"https:\/\/gekupack.de\/en\/impressum\/","og_site_name":"GK Industries GmbH","article_publisher":"https:\/\/www.facebook.com\/gekupack\/","article_modified_time":"2022-05-04T13:40:08+00:00","twitter_card":"summary_large_image","twitter_misc":{"Estimated reading time":"1 minute"},"schema":{"@context":"https:\/\/schema.org","@graph":[{"@type":"WebPage","@id":"https:\/\/gekupack.de\/impressum\/","url":"https:\/\/gekupack.de\/impressum\/","name":"Impressum | GK Indus\u00adtries&nbsp;GmbH","isPartOf":{"@id":"https:\/\/gekupack.de\/#website"},"datePublished":"2022-04-05T11:26:34+00:00","dateModified":"2022-05-04T13:40:08+00:00","breadcrumb":{"@id":"https:\/\/gekupack.de\/impressum\/#breadcrumb"},"inLanguage":"en-GB","potentialAction":[{"@type":"ReadAction","target":["https:\/\/gekupack.de\/impressum\/"]}]},{"@type":"BreadcrumbList","@id":"https:\/\/gekupack.de\/impressum\/#breadcrumb","itemListElement":[{"@type":"ListItem","position":1,"name":"Startseite","item":"https:\/\/gekupack.de\/"},{"@type":"ListItem","position":2,"name":"Impressum"}]},{"@type":"WebSite","@id":"https:\/\/gekupack.de\/#website","url":"https:\/\/gekupack.de\/","name":"GK Indus\u00adtries&nbsp;GmbH","description":"Wir sind Ihr Ans\u00adprech\u00adpartner, wenn es um L\u00f6sungen im Bereich der Ver\u00adpack\u00adung\u00ads\u00adtechnik geht \u2014 von ein\u00adzelnen Maschinen bis hin zu kom\u00adplexen Produk\u00adtionslinien und voll\u00adst\u00e4ndigen Anlagen.","publisher":{"@id":"https:\/\/gekupack.de\/#organization"},"potentialAction":[{"@type":"SearchAction","target":{"@type":"EntryPoint","urlTemplate":"https:\/\/gekupack.de\/?s={search_term_string}"},"query-input":{"@type":"PropertyValueSpecification","valueRequired":true,"valueName":"search_term_string"}}],"inLanguage":"en-GB"},{"@type":"Organization","@id":"https:\/\/gekupack.de\/#organization","name":"GK Indus\u00adtries&nbsp;GmbH","url":"https:\/\/gekupack.de\/","logo":{"@type":"ImageObject","inLanguage":"en-GB","@id":"https:\/\/gekupack.de\/#\/schema\/logo\/image\/","url":"https:\/\/i0.wp.com\/gekupack.de\/wp-content\/uploads\/2022\/04\/GKI_Logo_komprimiert.png?fit=1146%2C545&ssl=1","contentUrl":"https:\/\/i0.wp.com\/gekupack.de\/wp-content\/uploads\/2022\/04\/GKI_Logo_komprimiert.png?fit=1146%2C545&ssl=1","width":1146,"height":545,"caption":"GK Industries GmbH"},"image":{"@id":"https:\/\/gekupack.de\/#\/schema\/logo\/image\/"},"sameAs":["https:\/\/www.facebook.com\/gekupack\/"]}]}},"jetpack_sharing_enabled":true,"_links":{"self":[{"href":"https:\/\/gekupack.de\/en\/wp-json\/wp\/v2\/pages\/1473","targetHints":{"allow":["GET"]}}],"collection":[{"href":"https:\/\/gekupack.de\/en\/wp-json\/wp\/v2\/pages"}],"about":[{"href":"https:\/\/gekupack.de\/en\/wp-json\/wp\/v2\/types\/page"}],"author":[{"embeddable":true,"href":"https:\/\/gekupack.de\/en\/wp-json\/wp\/v2\/users\/1"}],"replies":[{"embeddable":true,"href":"https:\/\/gekupack.de\/en\/wp-json\/wp\/v2\/comments?post=1473"}],"version-history":[{"count":2,"href":"https:\/\/gekupack.de\/en\/wp-json\/wp\/v2\/pages\/1473\/revisions"}],"predecessor-version":[{"id":1579,"href":"https:\/\/gekupack.de\/en\/wp-json\/wp\/v2\/pages\/1473\/revisions\/1579"}],"wp:attachment":[{"href":"https:\/\/gekupack.de\/en\/wp-json\/wp\/v2\/media?parent=1473"}],"curies":[{"name":"wp","href":"https:\/\/api.w.org\/{rel}","templated":true}]}}