{"id":1487,"date":"2022-04-05T13:30:22","date_gmt":"2022-04-05T11:30:22","guid":{"rendered":"https:\/\/wp.gekupack.de\/?page_id=1487"},"modified":"2023-07-04T09:49:07","modified_gmt":"2023-07-04T07:49:07","slug":"messetermine","status":"publish","type":"page","link":"https:\/\/gekupack.de\/en\/messetermine\/","title":{"rendered":"Trade Fair&nbsp;Dates"},"content":{"rendered":"<div data-elementor-type=\"wp-page\" data-elementor-id=\"1487\" class=\"elementor elementor-1487\">\n\t\t\t\t\t\t<section class=\"elementor-section elementor-top-section elementor-element elementor-element-5c9a22f elementor-section-boxed elementor-section-height-default elementor-section-height-default\" data-id=\"5c9a22f\" data-element_type=\"section\" data-e-type=\"section\">\n\t\t\t\t\t\t<div class=\"elementor-container elementor-column-gap-default\">\n\t\t\t\t\t<div class=\"elementor-column elementor-col-100 elementor-top-column elementor-element elementor-element-40d5467\" data-id=\"40d5467\" data-element_type=\"column\" data-e-type=\"column\">\n\t\t\t<div class=\"elementor-widget-wrap elementor-element-populated\">\n\t\t\t\t\t\t<div class=\"elementor-element elementor-element-8f6f5f2 elementor-widget elementor-widget-heading\" data-id=\"8f6f5f2\" data-element_type=\"widget\" data-e-type=\"widget\" data-widget_type=\"heading.default\">\n\t\t\t\t<div class=\"elementor-widget-container\">\n\t\t\t\t\t<h2 class=\"elementor-heading-title elementor-size-default\">We are exhibiting!<\/h2>\t\t\t\t<\/div>\n\t\t\t\t<\/div>\n\t\t\t\t<div class=\"elementor-element elementor-element-4f31aaa elementor-widget elementor-widget-text-editor\" data-id=\"4f31aaa\" data-element_type=\"widget\" data-e-type=\"widget\" data-widget_type=\"text-editor.default\">\n\t\t\t\t<div class=\"elementor-widget-container\">\n\t\t\t\t\t\t\t\t\t<p>Would you like to get in touch with us in a per\u00adsonal meeting? Then why not visit us at our next trade fair exhib\u00adition. We are reg\u00adu\u00adlarly rep\u00adres\u00adented at trade fairs such as FACHPACK, Interzoo or FRUIT LOGISTICA with our own stand and will be happy to demon\u00adstrate selected pack\u00adaging machines from our port\u00adfolio. You are also welcome to contact us in advance to arrange an appointment at the trade fair at an early stage. Please contact us early so that we can provide you with ticket discounts.<\/p><p>Take advantage of the trade fair days to enter into a direct exchange with us. Whether talking shop or forging project ideas without oblig\u00adation, whether advising or simply making small&nbsp;talk:<\/p>\t\t\t\t\t\t\t\t<\/div>\n\t\t\t\t<\/div>\n\t\t\t\t<div class=\"elementor-element elementor-element-b582113 elementor-widget elementor-widget-heading\" data-id=\"b582113\" data-element_type=\"widget\" data-e-type=\"widget\" data-widget_type=\"heading.default\">\n\t\t\t\t<div class=\"elementor-widget-container\">\n\t\t\t\t\t<h3 class=\"elementor-heading-title elementor-size-default\">We look forward to seeing you!<\/h3>\t\t\t\t<\/div>\n\t\t\t\t<\/div>\n\t\t\t\t<div class=\"elementor-element elementor-element-d831d0f elementor-widget elementor-widget-text-editor\" data-id=\"d831d0f\" data-element_type=\"widget\" data-e-type=\"widget\" data-widget_type=\"text-editor.default\">\n\t\t\t\t<div class=\"elementor-widget-container\">\n\t\t\t\t\t\t\t\t\t<p><\/p><div class=\"addtoany_shortcode\"><div class=\"a2a_kit a2a_kit_size_32 addtoany_list\" data-a2a-url=\"https:\/\/gekupack.de\/en\/messetermine\/\" data-a2a-title=\"Messetermine\"><a class=\"a2a_button_email\" href=\"https:\/\/www.addtoany.com\/add_to\/email?linkurl=https%3A%2F%2Fgekupack.de%2Fen%2Fmessetermine%2F&amp;linkname=Messetermine\" title=\"Email\" rel=\"nofollow noopener\" target=\"_blank\"><\/a><a class=\"a2a_button_whatsapp\" href=\"https:\/\/www.addtoany.com\/add_to\/whatsapp?linkurl=https%3A%2F%2Fgekupack.de%2Fen%2Fmessetermine%2F&amp;linkname=Messetermine\" title=\"WhatsApp\" rel=\"nofollow noopener\" target=\"_blank\"><\/a><a class=\"a2a_button_copy_link\" href=\"https:\/\/www.addtoany.com\/add_to\/copy_link?linkurl=https%3A%2F%2Fgekupack.de%2Fen%2Fmessetermine%2F&amp;linkname=Messetermine\" title=\"Copy Link\" rel=\"nofollow noopener\" target=\"_blank\"><\/a><a class=\"a2a_button_print\" href=\"https:\/\/www.addtoany.com\/add_to\/print?linkurl=https%3A%2F%2Fgekupack.de%2Fen%2Fmessetermine%2F&amp;linkname=Messetermine\" title=\"Print\" rel=\"nofollow noopener\" target=\"_blank\"><\/a><\/div><\/div>\t\t\t\t\t\t\t\t<\/div>\n\t\t\t\t<\/div>\n\t\t\t\t<div class=\"elementor-element elementor-element-9a338b5 elementor-widget elementor-widget-spacer\" data-id=\"9a338b5\" data-element_type=\"widget\" data-e-type=\"widget\" data-widget_type=\"spacer.default\">\n\t\t\t\t<div class=\"elementor-widget-container\">\n\t\t\t\t\t\t\t<div class=\"elementor-spacer\">\n\t\t\t<div class=\"elementor-spacer-inner\"><\/div>\n\t\t<\/div>\n\t\t\t\t\t\t<\/div>\n\t\t\t\t<\/div>\n\t\t\t\t\t<\/div>\n\t\t<\/div>\n\t\t\t\t\t<\/div>\n\t\t<\/section>\n\t\t\t\t<section class=\"elementor-section elementor-top-section elementor-element elementor-element-a9c9344 elementor-section-boxed elementor-section-height-default elementor-section-height-default\" data-id=\"a9c9344\" data-element_type=\"section\" data-e-type=\"section\">\n\t\t\t\t\t\t<div class=\"elementor-container elementor-column-gap-default\">\n\t\t\t\t\t<div class=\"elementor-column elementor-col-50 elementor-top-column elementor-element elementor-element-25b6ae7\" data-id=\"25b6ae7\" data-element_type=\"column\" data-e-type=\"column\">\n\t\t\t<div class=\"elementor-widget-wrap elementor-element-populated\">\n\t\t\t\t\t\t<div class=\"elementor-element elementor-element-1580b32 elementor-widget elementor-widget-counter\" data-id=\"1580b32\" data-element_type=\"widget\" data-e-type=\"widget\" data-settings=\"{&quot;_animation&quot;:&quot;none&quot;,&quot;_animation_delay&quot;:400}\" data-widget_type=\"counter.default\">\n\t\t\t\t<div class=\"elementor-widget-container\">\n\t\t\t\t\t\t\t<div class=\"elementor-counter\">\n\t\t\t\t\t\t<div class=\"elementor-counter-number-wrapper\">\n\t\t\t\t<span class=\"elementor-counter-number-prefix\"><\/span>\n\t\t\t\t<span class=\"elementor-counter-number\" data-duration=\"2000\" data-to-value=\"2024\" data-from-value=\"2000\">2000<\/span>\n\t\t\t\t<span class=\"elementor-counter-number-suffix\"><\/span>\n\t\t\t<\/div>\n\t\t<\/div>\n\t\t\t\t\t\t<\/div>\n\t\t\t\t<\/div>\n\t\t\t\t<div class=\"elementor-element elementor-element-140f9b3 elementor-widget elementor-widget-heading\" data-id=\"140f9b3\" data-element_type=\"widget\" data-e-type=\"widget\" data-settings=\"{&quot;_animation&quot;:&quot;none&quot;,&quot;_animation_delay&quot;:400}\" data-widget_type=\"heading.default\">\n\t\t\t\t<div class=\"elementor-widget-container\">\n\t\t\t\t\t<h2 class=\"elementor-heading-title elementor-size-default\">TRADE FAIR&nbsp;DATES<\/h2>\t\t\t\t<\/div>\n\t\t\t\t<\/div>\n\t\t\t\t\t<\/div>\n\t\t<\/div>\n\t\t\t\t<div class=\"elementor-column elementor-col-50 elementor-top-column elementor-element elementor-element-7f366de\" data-id=\"7f366de\" data-element_type=\"column\" data-e-type=\"column\">\n\t\t\t<div class=\"elementor-widget-wrap elementor-element-populated\">\n\t\t\t\t\t\t<div class=\"elementor-element elementor-element-a7f6559 elementor-invisible elementor-widget elementor-widget-eael-adv-accordion\" data-id=\"a7f6559\" data-element_type=\"widget\" data-e-type=\"widget\" data-settings=\"{&quot;_animation&quot;:&quot;fadeIn&quot;,&quot;_animation_delay&quot;:600}\" data-widget_type=\"eael-adv-accordion.default\">\n\t\t\t\t<div class=\"elementor-widget-container\">\n\t\t\t\t\t            <div class=\"eael-adv-accordion\" id=\"eael-adv-accordion-a7f6559\" data-scroll-on-click=\"no\" data-scroll-speed=\"300\" data-accordion-id=\"a7f6559\" data-accordion-type=\"accordion\" data-toogle-speed=\"300\">\n            <div class=\"eael-accordion-list\">\n\t\t\t\t\t<div id=\"interzoo-\" class=\"elementor-tab-title eael-accordion-header\" tabindex=\"0\" data-tab=\"1\" aria-controls=\"elementor-tab-content-1761\"><span class=\"eael-advanced-accordion-icon-closed\"><i aria-hidden=\"true\" class=\"fa-accordion-icon fas fa-plus\"><\/i><\/span><span class=\"eael-advanced-accordion-icon-opened\"><i aria-hidden=\"true\" class=\"fa-accordion-icon fas fa-minus\"><\/i><\/span><span class=\"eael-accordion-tab-title\">Interzoo <\/span><i aria-hidden=\"true\" class=\"fa-toggle fas fa-angle-right\"><\/i><\/div><div id=\"elementor-tab-content-1761\" class=\"eael-accordion-content clearfix\" data-tab=\"1\" aria-labelledby=\"interzoo-\"><p><strong>When?<\/strong><\/p><p style=\"padding-left: 40px\">7 \u2014 10 May&nbsp;2024<\/p><p><strong> Where?<\/strong><\/p><p style=\"padding-left: 40px\">The loc\u00adation of our booth will be announced soon.<\/p><p style=\"padding-left: 40px\">N\u00fcrnberg, Germany<\/p><p><strong>What?<\/strong><\/p><p style=\"padding-left: 40px\">The <a href=\"https:\/\/www.interzoo.com\/\" target=\"_blank\" rel=\"noopener\"><em>Interzoo<\/em><\/a> is the leading trade fair for the inter\u00adna\u00adtional pet industry and is con\u00adsidered the meeting place of the world market for pet sup\u00adplies. This year we are rep\u00adres\u00adented with our own stand and are your contact when it comes to innov\u00adative pack\u00adaging solu\u00adtions for your (pet food) products.&nbsp;<\/p><\/div>\n\t\t\t\t\t<\/div><\/div>\t\t\t\t<\/div>\n\t\t\t\t<\/div>\n\t\t\t\t\t<\/div>\n\t\t<\/div>\n\t\t\t\t\t<\/div>\n\t\t<\/section>\n\t\t\t\t<\/div>","protected":false},"excerpt":{"rendered":"<p>Wir sind regel\u00adm\u00e4\u00dfig  auf Fachmessen wie der FACHPACK, Interzoo oder FRUIT LOGISTICA mit einem eigenen Stand ver\u00adtreten und pr\u00e4sen\u00adtieren unsere L\u00f6sungen<\/p>","protected":false},"author":1,"featured_media":2296,"parent":0,"menu_order":0,"comment_status":"closed","ping_status":"closed","template":"","meta":{"wp_typography_post_enhancements_disabled":false,"footnotes":""},"class_list":["post-1487","page","type-page","status-publish","has-post-thumbnail","hentry"],"yoast_head":"<!-- This site is optimized with the Yoast SEO plugin v27.3 - https:\/\/yoast.com\/product\/yoast-seo-wordpress\/ -->\n<title>Messetermine von Gekupack\u00ae - Wir stellen aus!<\/title>\n<meta name=\"description\" content=\"Wir sind regelm\u00e4\u00dfig auf Fachmessen wie der FACHPACK, Interzoo oder FRUIT LOGISTICA mit einem eigenen Stand vertreten und pr\u00e4sentieren unsere L\u00f6sungen\" \/>\n<meta name=\"robots\" content=\"index, follow, max-snippet:-1, max-image-preview:large, max-video-preview:-1\" \/>\n<link rel=\"canonical\" href=\"https:\/\/gekupack.de\/en\/messetermine\/\" \/>\n<meta property=\"og:locale\" content=\"en_GB\" \/>\n<meta property=\"og:type\" content=\"article\" \/>\n<meta property=\"og:title\" content=\"Messetermine von Gekupack\u00ae - Wir stellen aus!\" \/>\n<meta property=\"og:description\" content=\"Wir sind regelm\u00e4\u00dfig auf Fachmessen wie der FACHPACK, Interzoo oder FRUIT LOGISTICA mit einem eigenen Stand vertreten und pr\u00e4sentieren unsere L\u00f6sungen\" \/>\n<meta property=\"og:url\" content=\"https:\/\/gekupack.de\/en\/messetermine\/\" \/>\n<meta property=\"og:site_name\" content=\"GK Industries GmbH\" \/>\n<meta property=\"article:publisher\" content=\"https:\/\/www.facebook.com\/gekupack\/\" \/>\n<meta property=\"article:modified_time\" content=\"2023-07-04T07:49:07+00:00\" \/>\n<meta property=\"og:image\" content=\"https:\/\/gekupack.de\/wp-content\/uploads\/2022\/04\/FB_IMG_1650359993147.jpg\" \/>\n\t<meta property=\"og:image:width\" content=\"1080\" \/>\n\t<meta property=\"og:image:height\" content=\"810\" \/>\n\t<meta property=\"og:image:type\" content=\"image\/jpeg\" \/>\n<meta name=\"twitter:card\" content=\"summary_large_image\" \/>\n<meta name=\"twitter:label1\" content=\"Estimated reading time\" \/>\n\t<meta name=\"twitter:data1\" content=\"1 minute\" \/>\n<script type=\"application\/ld+json\" class=\"yoast-schema-graph\">{\"@context\":\"https:\\\/\\\/schema.org\",\"@graph\":[{\"@type\":\"WebPage\",\"@id\":\"https:\\\/\\\/gekupack.de\\\/messetermine\\\/\",\"url\":\"https:\\\/\\\/gekupack.de\\\/messetermine\\\/\",\"name\":\"Messetermine von Gekupack\u00ae - Wir stellen aus!\",\"isPartOf\":{\"@id\":\"https:\\\/\\\/gekupack.de\\\/#website\"},\"primaryImageOfPage\":{\"@id\":\"https:\\\/\\\/gekupack.de\\\/messetermine\\\/#primaryimage\"},\"image\":{\"@id\":\"https:\\\/\\\/gekupack.de\\\/messetermine\\\/#primaryimage\"},\"thumbnailUrl\":\"https:\\\/\\\/i0.wp.com\\\/gekupack.de\\\/wp-content\\\/uploads\\\/2022\\\/04\\\/FB_IMG_1650359993147.jpg?fit=1080%2C810&ssl=1\",\"datePublished\":\"2022-04-05T11:30:22+00:00\",\"dateModified\":\"2023-07-04T07:49:07+00:00\",\"description\":\"Wir sind regelm\u00e4\u00dfig auf Fachmessen wie der FACHPACK, Interzoo oder FRUIT LOGISTICA mit einem eigenen Stand vertreten und pr\u00e4sentieren unsere L\u00f6sungen\",\"breadcrumb\":{\"@id\":\"https:\\\/\\\/gekupack.de\\\/messetermine\\\/#breadcrumb\"},\"inLanguage\":\"en-GB\",\"potentialAction\":[{\"@type\":\"ReadAction\",\"target\":[\"https:\\\/\\\/gekupack.de\\\/messetermine\\\/\"]}]},{\"@type\":\"ImageObject\",\"inLanguage\":\"en-GB\",\"@id\":\"https:\\\/\\\/gekupack.de\\\/messetermine\\\/#primaryimage\",\"url\":\"https:\\\/\\\/i0.wp.com\\\/gekupack.de\\\/wp-content\\\/uploads\\\/2022\\\/04\\\/FB_IMG_1650359993147.jpg?fit=1080%2C810&ssl=1\",\"contentUrl\":\"https:\\\/\\\/i0.wp.com\\\/gekupack.de\\\/wp-content\\\/uploads\\\/2022\\\/04\\\/FB_IMG_1650359993147.jpg?fit=1080%2C810&ssl=1\",\"width\":1080,\"height\":810,\"caption\":\"Gekupack\u00ae MEsestand Interzoo FACHPACK Fruit Logistica\"},{\"@type\":\"BreadcrumbList\",\"@id\":\"https:\\\/\\\/gekupack.de\\\/messetermine\\\/#breadcrumb\",\"itemListElement\":[{\"@type\":\"ListItem\",\"position\":1,\"name\":\"Startseite\",\"item\":\"https:\\\/\\\/gekupack.de\\\/\"},{\"@type\":\"ListItem\",\"position\":2,\"name\":\"Messetermine\"}]},{\"@type\":\"WebSite\",\"@id\":\"https:\\\/\\\/gekupack.de\\\/#website\",\"url\":\"https:\\\/\\\/gekupack.de\\\/\",\"name\":\"GK Industries GmbH\",\"description\":\"Wir sind Ihr Ansprechpartner, wenn es um L\u00f6sungen im Bereich der Verpackungstechnik geht - von einzelnen Maschinen bis hin zu komplexen Produktionslinien und vollst\u00e4ndigen Anlagen.\",\"publisher\":{\"@id\":\"https:\\\/\\\/gekupack.de\\\/#organization\"},\"potentialAction\":[{\"@type\":\"SearchAction\",\"target\":{\"@type\":\"EntryPoint\",\"urlTemplate\":\"https:\\\/\\\/gekupack.de\\\/?s={search_term_string}\"},\"query-input\":{\"@type\":\"PropertyValueSpecification\",\"valueRequired\":true,\"valueName\":\"search_term_string\"}}],\"inLanguage\":\"en-GB\"},{\"@type\":\"Organization\",\"@id\":\"https:\\\/\\\/gekupack.de\\\/#organization\",\"name\":\"GK Industries GmbH\",\"url\":\"https:\\\/\\\/gekupack.de\\\/\",\"logo\":{\"@type\":\"ImageObject\",\"inLanguage\":\"en-GB\",\"@id\":\"https:\\\/\\\/gekupack.de\\\/#\\\/schema\\\/logo\\\/image\\\/\",\"url\":\"https:\\\/\\\/i0.wp.com\\\/gekupack.de\\\/wp-content\\\/uploads\\\/2022\\\/04\\\/GKI_Logo_komprimiert.png?fit=1146%2C545&ssl=1\",\"contentUrl\":\"https:\\\/\\\/i0.wp.com\\\/gekupack.de\\\/wp-content\\\/uploads\\\/2022\\\/04\\\/GKI_Logo_komprimiert.png?fit=1146%2C545&ssl=1\",\"width\":1146,\"height\":545,\"caption\":\"GK Industries GmbH\"},\"image\":{\"@id\":\"https:\\\/\\\/gekupack.de\\\/#\\\/schema\\\/logo\\\/image\\\/\"},\"sameAs\":[\"https:\\\/\\\/www.facebook.com\\\/gekupack\\\/\"]}]}<\/script>\n<!-- \/ Yoast SEO plugin. -->","yoast_head_json":{"title":"Mes\u00adsetermine von Gekupack\u00ae \u2014 Wir stellen aus!","description":"Wir sind regel\u00adm\u00e4\u00dfig auf Fachmessen wie der FACHPACK, Interzoo oder FRUIT LOGISTICA mit einem eigenen Stand ver\u00adtreten und pr\u00e4sen\u00adtieren unsere L\u00f6sungen","robots":{"index":"index","follow":"follow","max-snippet":"max-snippet:-1","max-image-preview":"max-image-preview:large","max-video-preview":"max-video-preview:-1"},"canonical":"https:\/\/gekupack.de\/en\/messetermine\/","og_locale":"en_GB","og_type":"article","og_title":"Messetermine von Gekupack\u00ae - Wir stellen aus!","og_description":"Wir sind regelm\u00e4\u00dfig auf Fachmessen wie der FACHPACK, Interzoo oder FRUIT LOGISTICA mit einem eigenen Stand vertreten und pr\u00e4sentieren unsere L\u00f6sungen","og_url":"https:\/\/gekupack.de\/en\/messetermine\/","og_site_name":"GK Industries GmbH","article_publisher":"https:\/\/www.facebook.com\/gekupack\/","article_modified_time":"2023-07-04T07:49:07+00:00","og_image":[{"width":1080,"height":810,"url":"https:\/\/gekupack.de\/wp-content\/uploads\/2022\/04\/FB_IMG_1650359993147.jpg","type":"image\/jpeg"}],"twitter_card":"summary_large_image","twitter_misc":{"Estimated reading time":"1 minute"},"schema":{"@context":"https:\/\/schema.org","@graph":[{"@type":"WebPage","@id":"https:\/\/gekupack.de\/messetermine\/","url":"https:\/\/gekupack.de\/messetermine\/","name":"Mes\u00adsetermine von Gekupack\u00ae \u2014 Wir stellen aus!","isPartOf":{"@id":"https:\/\/gekupack.de\/#website"},"primaryImageOfPage":{"@id":"https:\/\/gekupack.de\/messetermine\/#primaryimage"},"image":{"@id":"https:\/\/gekupack.de\/messetermine\/#primaryimage"},"thumbnailUrl":"https:\/\/i0.wp.com\/gekupack.de\/wp-content\/uploads\/2022\/04\/FB_IMG_1650359993147.jpg?fit=1080%2C810&ssl=1","datePublished":"2022-04-05T11:30:22+00:00","dateModified":"2023-07-04T07:49:07+00:00","description":"Wir sind regel\u00adm\u00e4\u00dfig auf Fachmessen wie der FACHPACK, Interzoo oder FRUIT LOGISTICA mit einem eigenen Stand ver\u00adtreten und pr\u00e4sen\u00adtieren unsere L\u00f6sungen","breadcrumb":{"@id":"https:\/\/gekupack.de\/messetermine\/#breadcrumb"},"inLanguage":"en-GB","potentialAction":[{"@type":"ReadAction","target":["https:\/\/gekupack.de\/messetermine\/"]}]},{"@type":"ImageObject","inLanguage":"en-GB","@id":"https:\/\/gekupack.de\/messetermine\/#primaryimage","url":"https:\/\/i0.wp.com\/gekupack.de\/wp-content\/uploads\/2022\/04\/FB_IMG_1650359993147.jpg?fit=1080%2C810&ssl=1","contentUrl":"https:\/\/i0.wp.com\/gekupack.de\/wp-content\/uploads\/2022\/04\/FB_IMG_1650359993147.jpg?fit=1080%2C810&ssl=1","width":1080,"height":810,"caption":"Gekupack\u00ae MEsestand Interzoo FACHPACK Fruit Logistica"},{"@type":"BreadcrumbList","@id":"https:\/\/gekupack.de\/messetermine\/#breadcrumb","itemListElement":[{"@type":"ListItem","position":1,"name":"Startseite","item":"https:\/\/gekupack.de\/"},{"@type":"ListItem","position":2,"name":"Messetermine"}]},{"@type":"WebSite","@id":"https:\/\/gekupack.de\/#website","url":"https:\/\/gekupack.de\/","name":"GK Indus\u00adtries&nbsp;GmbH","description":"Wir sind Ihr Ans\u00adprech\u00adpartner, wenn es um L\u00f6sungen im Bereich der Ver\u00adpack\u00adung\u00ads\u00adtechnik geht \u2014 von ein\u00adzelnen Maschinen bis hin zu kom\u00adplexen Produk\u00adtionslinien und voll\u00adst\u00e4ndigen Anlagen.","publisher":{"@id":"https:\/\/gekupack.de\/#organization"},"potentialAction":[{"@type":"SearchAction","target":{"@type":"EntryPoint","urlTemplate":"https:\/\/gekupack.de\/?s={search_term_string}"},"query-input":{"@type":"PropertyValueSpecification","valueRequired":true,"valueName":"search_term_string"}}],"inLanguage":"en-GB"},{"@type":"Organization","@id":"https:\/\/gekupack.de\/#organization","name":"GK Indus\u00adtries&nbsp;GmbH","url":"https:\/\/gekupack.de\/","logo":{"@type":"ImageObject","inLanguage":"en-GB","@id":"https:\/\/gekupack.de\/#\/schema\/logo\/image\/","url":"https:\/\/i0.wp.com\/gekupack.de\/wp-content\/uploads\/2022\/04\/GKI_Logo_komprimiert.png?fit=1146%2C545&ssl=1","contentUrl":"https:\/\/i0.wp.com\/gekupack.de\/wp-content\/uploads\/2022\/04\/GKI_Logo_komprimiert.png?fit=1146%2C545&ssl=1","width":1146,"height":545,"caption":"GK Industries GmbH"},"image":{"@id":"https:\/\/gekupack.de\/#\/schema\/logo\/image\/"},"sameAs":["https:\/\/www.facebook.com\/gekupack\/"]}]}},"jetpack_sharing_enabled":true,"_links":{"self":[{"href":"https:\/\/gekupack.de\/en\/wp-json\/wp\/v2\/pages\/1487","targetHints":{"allow":["GET"]}}],"collection":[{"href":"https:\/\/gekupack.de\/en\/wp-json\/wp\/v2\/pages"}],"about":[{"href":"https:\/\/gekupack.de\/en\/wp-json\/wp\/v2\/types\/page"}],"author":[{"embeddable":true,"href":"https:\/\/gekupack.de\/en\/wp-json\/wp\/v2\/users\/1"}],"replies":[{"embeddable":true,"href":"https:\/\/gekupack.de\/en\/wp-json\/wp\/v2\/comments?post=1487"}],"version-history":[{"count":45,"href":"https:\/\/gekupack.de\/en\/wp-json\/wp\/v2\/pages\/1487\/revisions"}],"predecessor-version":[{"id":5815,"href":"https:\/\/gekupack.de\/en\/wp-json\/wp\/v2\/pages\/1487\/revisions\/5815"}],"wp:featuredmedia":[{"embeddable":true,"href":"https:\/\/gekupack.de\/en\/wp-json\/wp\/v2\/media\/2296"}],"wp:attachment":[{"href":"https:\/\/gekupack.de\/en\/wp-json\/wp\/v2\/media?parent=1487"}],"curies":[{"name":"wp","href":"https:\/\/api.w.org\/{rel}","templated":true}]}}