{"id":1926,"date":"2022-04-12T09:23:03","date_gmt":"2022-04-12T07:23:03","guid":{"rendered":"https:\/\/wp.gekupack.de\/?page_id=1926"},"modified":"2022-06-17T13:21:37","modified_gmt":"2022-06-17T11:21:37","slug":"schlauchbeutelmaschinen","status":"publish","type":"page","link":"https:\/\/gekupack.de\/en\/unsere-loesungen\/maschinen\/schlauchbeutelmaschinen\/","title":{"rendered":"Flow Pack Wrapping Machines"},"content":{"rendered":"<div data-elementor-type=\"wp-page\" data-elementor-id=\"1926\" class=\"elementor elementor-1926\">\n\t\t\t\t\t\t<section class=\"elementor-section elementor-top-section elementor-element elementor-element-fa4216d elementor-section-stretched elementor-section-boxed elementor-section-height-default elementor-section-height-default\" data-id=\"fa4216d\" data-element_type=\"section\" data-e-type=\"section\" data-settings=\"{&quot;stretch_section&quot;:&quot;section-stretched&quot;,&quot;background_background&quot;:&quot;classic&quot;}\">\n\t\t\t\t\t\t<div class=\"elementor-container elementor-column-gap-default\">\n\t\t\t\t\t<div class=\"elementor-column elementor-col-100 elementor-top-column elementor-element elementor-element-48628bb\" data-id=\"48628bb\" data-element_type=\"column\" data-e-type=\"column\">\n\t\t\t<div class=\"elementor-widget-wrap elementor-element-populated\">\n\t\t\t\t\t\t<div class=\"elementor-element elementor-element-a2eb49e elementor-invisible elementor-widget elementor-widget-heading\" data-id=\"a2eb49e\" data-element_type=\"widget\" data-e-type=\"widget\" data-settings=\"{&quot;_animation&quot;:&quot;fadeIn&quot;}\" data-widget_type=\"heading.default\">\n\t\t\t\t<div class=\"elementor-widget-container\">\n\t\t\t\t\t<h2 class=\"elementor-heading-title elementor-size-default\">Hori\u00adzontale &amp; ver\u00adtikale Schlauchbeutelmaschinen<\/h2>\t\t\t\t<\/div>\n\t\t\t\t<\/div>\n\t\t\t\t<div class=\"elementor-element elementor-element-dca48c4 elementor-widget elementor-widget-text-editor\" data-id=\"dca48c4\" data-element_type=\"widget\" data-e-type=\"widget\" data-widget_type=\"text-editor.default\">\n\t\t\t\t<div class=\"elementor-widget-container\">\n\t\t\t\t\t\t\t\t\t<p>In con\u00adtrast to single-bag machines, form-fill-seal machines are not loaded with indi\u00advidual bags but with a roll on which there is a long film. This is shaped, filled and sealed during the pack\u00adaging process. This allows high speeds to be achieved. Our product range includes various types of form, fill and seal machines \u2014 we offer both hori\u00adzontal and ver\u00adtical form, fill and seal machines.<\/p>\t\t\t\t\t\t\t\t<\/div>\n\t\t\t\t<\/div>\n\t\t\t\t<div class=\"elementor-element elementor-element-237cc02 elementor-widget elementor-widget-text-editor\" data-id=\"237cc02\" data-element_type=\"widget\" data-e-type=\"widget\" data-widget_type=\"text-editor.default\">\n\t\t\t\t<div class=\"elementor-widget-container\">\n\t\t\t\t\t\t\t\t\t<p><\/p><div class=\"addtoany_shortcode\"><div class=\"a2a_kit a2a_kit_size_32 addtoany_list\" data-a2a-url=\"https:\/\/gekupack.de\/en\/unsere-loesungen\/maschinen\/schlauchbeutelmaschinen\/\" data-a2a-title=\"Schlauchbeutelmaschinen\"><a class=\"a2a_button_email\" href=\"https:\/\/www.addtoany.com\/add_to\/email?linkurl=https%3A%2F%2Fgekupack.de%2Fen%2Funsere-loesungen%2Fmaschinen%2Fschlauchbeutelmaschinen%2F&amp;linkname=Schlauchbeutelmaschinen\" title=\"Email\" rel=\"nofollow noopener\" target=\"_blank\"><\/a><a class=\"a2a_button_whatsapp\" href=\"https:\/\/www.addtoany.com\/add_to\/whatsapp?linkurl=https%3A%2F%2Fgekupack.de%2Fen%2Funsere-loesungen%2Fmaschinen%2Fschlauchbeutelmaschinen%2F&amp;linkname=Schlauchbeutelmaschinen\" title=\"WhatsApp\" rel=\"nofollow noopener\" target=\"_blank\"><\/a><a class=\"a2a_button_copy_link\" href=\"https:\/\/www.addtoany.com\/add_to\/copy_link?linkurl=https%3A%2F%2Fgekupack.de%2Fen%2Funsere-loesungen%2Fmaschinen%2Fschlauchbeutelmaschinen%2F&amp;linkname=Schlauchbeutelmaschinen\" title=\"Copy Link\" rel=\"nofollow noopener\" target=\"_blank\"><\/a><a class=\"a2a_button_print\" href=\"https:\/\/www.addtoany.com\/add_to\/print?linkurl=https%3A%2F%2Fgekupack.de%2Fen%2Funsere-loesungen%2Fmaschinen%2Fschlauchbeutelmaschinen%2F&amp;linkname=Schlauchbeutelmaschinen\" title=\"Print\" rel=\"nofollow noopener\" target=\"_blank\"><\/a><\/div><\/div>\t\t\t\t\t\t\t\t<\/div>\n\t\t\t\t<\/div>\n\t\t\t\t<section class=\"elementor-section elementor-inner-section elementor-element elementor-element-49387a7 elementor-reverse-mobile elementor-section-boxed elementor-section-height-default elementor-section-height-default\" data-id=\"49387a7\" data-element_type=\"section\" data-e-type=\"section\" data-settings=\"{&quot;background_background&quot;:&quot;classic&quot;}\">\n\t\t\t\t\t\t<div class=\"elementor-container elementor-column-gap-default\">\n\t\t\t\t\t<div class=\"elementor-column elementor-col-50 elementor-inner-column elementor-element elementor-element-c48a780\" data-id=\"c48a780\" data-element_type=\"column\" data-e-type=\"column\">\n\t\t\t<div class=\"elementor-widget-wrap elementor-element-populated\">\n\t\t\t\t\t\t<div class=\"elementor-element elementor-element-8c3c629 elementor-widget elementor-widget-heading\" data-id=\"8c3c629\" data-element_type=\"widget\" data-e-type=\"widget\" data-widget_type=\"heading.default\">\n\t\t\t\t<div class=\"elementor-widget-container\">\n\t\t\t\t\t<h2 class=\"elementor-heading-title elementor-size-default\">Hori\u00adzontal Flow Pack Wrapping Machines<\/h2>\t\t\t\t<\/div>\n\t\t\t\t<\/div>\n\t\t\t\t<div class=\"elementor-element elementor-element-015bb14 elementor-widget elementor-widget-text-editor\" data-id=\"015bb14\" data-element_type=\"widget\" data-e-type=\"widget\" data-widget_type=\"text-editor.default\">\n\t\t\t\t<div class=\"elementor-widget-container\">\n\t\t\t\t\t\t\t\t\t<p>In hori\u00adzontal form fill and seal machines, the packaged goods are trans\u00adported into the machine via a hori\u00adzontal con\u00adveyor belt. There it is con\u00adveyed into a half tube and then packed. We have a large rep\u00ader\u00adtoire of form fill and seal machines and will find the right machine for your project.<\/p>\t\t\t\t\t\t\t\t<\/div>\n\t\t\t\t<\/div>\n\t\t\t\t<div class=\"elementor-element elementor-element-7e67db57 elementor-align-left elementor-mobile-align-center elementor-widget elementor-widget-button\" data-id=\"7e67db57\" data-element_type=\"widget\" data-e-type=\"widget\" data-widget_type=\"button.default\">\n\t\t\t\t<div class=\"elementor-widget-container\">\n\t\t\t\t\t\t\t\t\t<div class=\"elementor-button-wrapper\">\n\t\t\t\t\t<a class=\"elementor-button elementor-button-link elementor-size-sm elementor-animation-grow\" href=\"\/en\/horizontale-schlauchbeutelmaschine\/\">\n\t\t\t\t\t\t<span class=\"elementor-button-content-wrapper\">\n\t\t\t\t\t\t\t\t\t<span class=\"elementor-button-text\">Learn more<\/span>\n\t\t\t\t\t<\/span>\n\t\t\t\t\t<\/a>\n\t\t\t\t<\/div>\n\t\t\t\t\t\t\t\t<\/div>\n\t\t\t\t<\/div>\n\t\t\t\t\t<\/div>\n\t\t<\/div>\n\t\t\t\t<div class=\"elementor-column elementor-col-50 elementor-inner-column elementor-element elementor-element-71d4ddf\" data-id=\"71d4ddf\" data-element_type=\"column\" data-e-type=\"column\">\n\t\t\t<div class=\"elementor-widget-wrap elementor-element-populated\">\n\t\t\t\t\t\t<div class=\"elementor-element elementor-element-47a04769 animated-slow elementor-widget elementor-widget-image\" data-id=\"47a04769\" data-element_type=\"widget\" data-e-type=\"widget\" data-settings=\"{&quot;_animation&quot;:&quot;none&quot;}\" data-widget_type=\"image.default\">\n\t\t\t\t<div class=\"elementor-widget-container\">\n\t\t\t\t\t\t\t\t\t\t\t\t\t\t\t<img fetchpriority=\"high\" decoding=\"async\" width=\"500\" height=\"300\" src=\"https:\/\/i0.wp.com\/gekupack.de\/wp-content\/uploads\/2022\/04\/Horizontale-Schlauchbeutelmaschine_komprimiert.png?fit=500%2C300&amp;ssl=1\" class=\"attachment-full size-full wp-image-2059\" alt=\"Horizontale Schlauchbeutelmaschine Lafer Cosmic Gekupack\" srcset=\"https:\/\/i0.wp.com\/gekupack.de\/wp-content\/uploads\/2022\/04\/Horizontale-Schlauchbeutelmaschine_komprimiert.png?w=500&amp;ssl=1 500w, https:\/\/i0.wp.com\/gekupack.de\/wp-content\/uploads\/2022\/04\/Horizontale-Schlauchbeutelmaschine_komprimiert.png?resize=300%2C180&amp;ssl=1 300w, https:\/\/i0.wp.com\/gekupack.de\/wp-content\/uploads\/2022\/04\/Horizontale-Schlauchbeutelmaschine_komprimiert.png?resize=18%2C12&amp;ssl=1 18w\" sizes=\"(max-width: 500px) 100vw, 500px\">\t\t\t\t\t\t\t\t\t\t\t\t\t\t\t<\/div>\n\t\t\t\t<\/div>\n\t\t\t\t\t<\/div>\n\t\t<\/div>\n\t\t\t\t\t<\/div>\n\t\t<\/section>\n\t\t\t\t<section class=\"elementor-section elementor-inner-section elementor-element elementor-element-b09ce98 elementor-reverse-mobile elementor-section-boxed elementor-section-height-default elementor-section-height-default\" data-id=\"b09ce98\" data-element_type=\"section\" data-e-type=\"section\" data-settings=\"{&quot;background_background&quot;:&quot;classic&quot;}\">\n\t\t\t\t\t\t<div class=\"elementor-container elementor-column-gap-default\">\n\t\t\t\t\t<div class=\"elementor-column elementor-col-50 elementor-inner-column elementor-element elementor-element-2ae0534\" data-id=\"2ae0534\" data-element_type=\"column\" data-e-type=\"column\">\n\t\t\t<div class=\"elementor-widget-wrap elementor-element-populated\">\n\t\t\t\t\t\t<div class=\"elementor-element elementor-element-005db78 elementor-widget elementor-widget-heading\" data-id=\"005db78\" data-element_type=\"widget\" data-e-type=\"widget\" data-widget_type=\"heading.default\">\n\t\t\t\t<div class=\"elementor-widget-container\">\n\t\t\t\t\t<h2 class=\"elementor-heading-title elementor-size-default\">Ver\u00adtical Form Fill and Seal Machines<\/h2>\t\t\t\t<\/div>\n\t\t\t\t<\/div>\n\t\t\t\t<div class=\"elementor-element elementor-element-3c21705 elementor-widget elementor-widget-text-editor\" data-id=\"3c21705\" data-element_type=\"widget\" data-e-type=\"widget\" data-widget_type=\"text-editor.default\">\n\t\t\t\t<div class=\"elementor-widget-container\">\n\t\t\t\t\t\t\t\t\t<p>In ver\u00adtical form fill and seal machines, the product to be packaged is fed into the pack\u00adaging machine from above via a dosing unit. The product then goes dir\u00adectly into the half-tube and is packaged. Feel free to contact us if you are planning to implement a form fill and seal machine.<\/p>\t\t\t\t\t\t\t\t<\/div>\n\t\t\t\t<\/div>\n\t\t\t\t<div class=\"elementor-element elementor-element-270bd1b4 elementor-align-left elementor-mobile-align-center elementor-widget elementor-widget-button\" data-id=\"270bd1b4\" data-element_type=\"widget\" data-e-type=\"widget\" data-widget_type=\"button.default\">\n\t\t\t\t<div class=\"elementor-widget-container\">\n\t\t\t\t\t\t\t\t\t<div class=\"elementor-button-wrapper\">\n\t\t\t\t\t<a class=\"elementor-button elementor-button-link elementor-size-sm elementor-animation-grow\" href=\"\/en\/vertikale-schlauchbeutelmaschine\/\">\n\t\t\t\t\t\t<span class=\"elementor-button-content-wrapper\">\n\t\t\t\t\t\t\t\t\t<span class=\"elementor-button-text\">Learn more<\/span>\n\t\t\t\t\t<\/span>\n\t\t\t\t\t<\/a>\n\t\t\t\t<\/div>\n\t\t\t\t\t\t\t\t<\/div>\n\t\t\t\t<\/div>\n\t\t\t\t\t<\/div>\n\t\t<\/div>\n\t\t\t\t<div class=\"elementor-column elementor-col-50 elementor-inner-column elementor-element elementor-element-2d2e940\" data-id=\"2d2e940\" data-element_type=\"column\" data-e-type=\"column\">\n\t\t\t<div class=\"elementor-widget-wrap elementor-element-populated\">\n\t\t\t\t\t\t<div class=\"elementor-element elementor-element-18387b96 animated-slow elementor-widget elementor-widget-image\" data-id=\"18387b96\" data-element_type=\"widget\" data-e-type=\"widget\" data-settings=\"{&quot;_animation&quot;:&quot;none&quot;}\" data-widget_type=\"image.default\">\n\t\t\t\t<div class=\"elementor-widget-container\">\n\t\t\t\t\t\t\t\t\t\t\t\t\t\t\t<img decoding=\"async\" width=\"1504\" height=\"1000\" src=\"https:\/\/i0.wp.com\/gekupack.de\/wp-content\/uploads\/2022\/04\/Irta-XM.jpg?fit=1504%2C1000&amp;ssl=1\" class=\"attachment-full size-full wp-image-2064\" alt=\"Schlauchbeutelmaschine Vertikal Irta Gekupack\" srcset=\"https:\/\/i0.wp.com\/gekupack.de\/wp-content\/uploads\/2022\/04\/Irta-XM.jpg?w=1504&amp;ssl=1 1504w, https:\/\/i0.wp.com\/gekupack.de\/wp-content\/uploads\/2022\/04\/Irta-XM.jpg?resize=300%2C199&amp;ssl=1 300w, https:\/\/i0.wp.com\/gekupack.de\/wp-content\/uploads\/2022\/04\/Irta-XM.jpg?resize=1024%2C681&amp;ssl=1 1024w, https:\/\/i0.wp.com\/gekupack.de\/wp-content\/uploads\/2022\/04\/Irta-XM.jpg?resize=768%2C511&amp;ssl=1 768w, https:\/\/i0.wp.com\/gekupack.de\/wp-content\/uploads\/2022\/04\/Irta-XM.jpg?resize=18%2C12&amp;ssl=1 18w\" sizes=\"(max-width: 800px) 100vw, 800px\">\t\t\t\t\t\t\t\t\t\t\t\t\t\t\t<\/div>\n\t\t\t\t<\/div>\n\t\t\t\t\t<\/div>\n\t\t<\/div>\n\t\t\t\t\t<\/div>\n\t\t<\/section>\n\t\t\t\t\t<\/div>\n\t\t<\/div>\n\t\t\t\t\t<\/div>\n\t\t<\/section>\n\t\t\t\t<\/div>","protected":false},"excerpt":{"rendered":"<p>Leis\u00adtungsstarke, zuver\u00adl\u00e4ssige Form\u2011, F\u00fcll\u2011, und Ver\u00adschlie\u00dfan\u00adlagen: Hori\u00adzontale und ver\u00adtikale Sch\u00adlauch\u00adbeutel\u00admaschinen f\u00fcr fast jede Anwendung<\/p>","protected":false},"author":1,"featured_media":2083,"parent":2552,"menu_order":0,"comment_status":"closed","ping_status":"closed","template":"","meta":{"wp_typography_post_enhancements_disabled":false,"footnotes":""},"class_list":["post-1926","page","type-page","status-publish","has-post-thumbnail","hentry"],"yoast_head":"<!-- This site is optimized with the Yoast SEO plugin v27.3 - https:\/\/yoast.com\/product\/yoast-seo-wordpress\/ -->\n<title>Horizontale &amp; Vertikale Schlauchbeutelmaschinen<\/title>\n<meta name=\"description\" content=\"Leistungsstarke, zuverl\u00e4ssige Form-, F\u00fcll-, und Verschlie\u00dfanlagen: Horizontale und vertikale Schlauchbeutelmaschinen f\u00fcr fast jede Anwendung\" \/>\n<meta name=\"robots\" content=\"index, follow, max-snippet:-1, max-image-preview:large, max-video-preview:-1\" \/>\n<link rel=\"canonical\" href=\"https:\/\/gekupack.de\/en\/unsere-loesungen\/maschinen\/schlauchbeutelmaschinen\/\" \/>\n<meta property=\"og:locale\" content=\"en_GB\" \/>\n<meta property=\"og:type\" content=\"article\" \/>\n<meta property=\"og:title\" content=\"Horizontale &amp; Vertikale Schlauchbeutelmaschinen\" \/>\n<meta property=\"og:description\" content=\"Leistungsstarke, zuverl\u00e4ssige Form-, F\u00fcll-, und Verschlie\u00dfanlagen: Horizontale und vertikale Schlauchbeutelmaschinen f\u00fcr fast jede Anwendung\" \/>\n<meta property=\"og:url\" content=\"https:\/\/gekupack.de\/en\/unsere-loesungen\/maschinen\/schlauchbeutelmaschinen\/\" \/>\n<meta property=\"og:site_name\" content=\"GK Industries GmbH\" \/>\n<meta property=\"article:publisher\" content=\"https:\/\/www.facebook.com\/gekupack\/\" \/>\n<meta property=\"article:modified_time\" content=\"2022-06-17T11:21:37+00:00\" \/>\n<meta property=\"og:image\" content=\"https:\/\/gekupack.de\/wp-content\/uploads\/2022\/04\/Banner_Schlauchbeutel-e1652341641703.png\" \/>\n\t<meta property=\"og:image:width\" content=\"1478\" \/>\n\t<meta property=\"og:image:height\" content=\"258\" \/>\n\t<meta property=\"og:image:type\" content=\"image\/png\" \/>\n<meta name=\"twitter:card\" content=\"summary_large_image\" \/>\n<meta name=\"twitter:label1\" content=\"Estimated reading time\" \/>\n\t<meta name=\"twitter:data1\" content=\"2 minutes\" \/>\n<script type=\"application\/ld+json\" class=\"yoast-schema-graph\">{\"@context\":\"https:\\\/\\\/schema.org\",\"@graph\":[{\"@type\":\"WebPage\",\"@id\":\"https:\\\/\\\/gekupack.de\\\/unsere-loesungen\\\/maschinen\\\/schlauchbeutelmaschinen\\\/\",\"url\":\"https:\\\/\\\/gekupack.de\\\/unsere-loesungen\\\/maschinen\\\/schlauchbeutelmaschinen\\\/\",\"name\":\"Horizontale & Vertikale Schlauchbeutelmaschinen\",\"isPartOf\":{\"@id\":\"https:\\\/\\\/gekupack.de\\\/#website\"},\"primaryImageOfPage\":{\"@id\":\"https:\\\/\\\/gekupack.de\\\/unsere-loesungen\\\/maschinen\\\/schlauchbeutelmaschinen\\\/#primaryimage\"},\"image\":{\"@id\":\"https:\\\/\\\/gekupack.de\\\/unsere-loesungen\\\/maschinen\\\/schlauchbeutelmaschinen\\\/#primaryimage\"},\"thumbnailUrl\":\"https:\\\/\\\/i0.wp.com\\\/gekupack.de\\\/wp-content\\\/uploads\\\/2022\\\/04\\\/Banner_Schlauchbeutel-e1652341641703.png?fit=1478%2C258&ssl=1\",\"datePublished\":\"2022-04-12T07:23:03+00:00\",\"dateModified\":\"2022-06-17T11:21:37+00:00\",\"description\":\"Leistungsstarke, zuverl\u00e4ssige Form-, F\u00fcll-, und Verschlie\u00dfanlagen: Horizontale und vertikale Schlauchbeutelmaschinen f\u00fcr fast jede Anwendung\",\"breadcrumb\":{\"@id\":\"https:\\\/\\\/gekupack.de\\\/unsere-loesungen\\\/maschinen\\\/schlauchbeutelmaschinen\\\/#breadcrumb\"},\"inLanguage\":\"en-GB\",\"potentialAction\":[{\"@type\":\"ReadAction\",\"target\":[\"https:\\\/\\\/gekupack.de\\\/unsere-loesungen\\\/maschinen\\\/schlauchbeutelmaschinen\\\/\"]}]},{\"@type\":\"ImageObject\",\"inLanguage\":\"en-GB\",\"@id\":\"https:\\\/\\\/gekupack.de\\\/unsere-loesungen\\\/maschinen\\\/schlauchbeutelmaschinen\\\/#primaryimage\",\"url\":\"https:\\\/\\\/i0.wp.com\\\/gekupack.de\\\/wp-content\\\/uploads\\\/2022\\\/04\\\/Banner_Schlauchbeutel-e1652341641703.png?fit=1478%2C258&ssl=1\",\"contentUrl\":\"https:\\\/\\\/i0.wp.com\\\/gekupack.de\\\/wp-content\\\/uploads\\\/2022\\\/04\\\/Banner_Schlauchbeutel-e1652341641703.png?fit=1478%2C258&ssl=1\",\"width\":1478,\"height\":258},{\"@type\":\"BreadcrumbList\",\"@id\":\"https:\\\/\\\/gekupack.de\\\/unsere-loesungen\\\/maschinen\\\/schlauchbeutelmaschinen\\\/#breadcrumb\",\"itemListElement\":[{\"@type\":\"ListItem\",\"position\":1,\"name\":\"Startseite\",\"item\":\"https:\\\/\\\/gekupack.de\\\/\"},{\"@type\":\"ListItem\",\"position\":2,\"name\":\"Unsere L\u00f6sungen\",\"item\":\"https:\\\/\\\/gekupack.de\\\/unsere-loesungen\\\/\"},{\"@type\":\"ListItem\",\"position\":3,\"name\":\"Maschinen\",\"item\":\"https:\\\/\\\/gekupack.de\\\/unsere-loesungen\\\/maschinen\\\/\"},{\"@type\":\"ListItem\",\"position\":4,\"name\":\"Schlauchbeutelmaschinen\"}]},{\"@type\":\"WebSite\",\"@id\":\"https:\\\/\\\/gekupack.de\\\/#website\",\"url\":\"https:\\\/\\\/gekupack.de\\\/\",\"name\":\"GK Industries GmbH\",\"description\":\"Wir sind Ihr Ansprechpartner, wenn es um L\u00f6sungen im Bereich der Verpackungstechnik geht - von einzelnen Maschinen bis hin zu komplexen Produktionslinien und vollst\u00e4ndigen Anlagen.\",\"publisher\":{\"@id\":\"https:\\\/\\\/gekupack.de\\\/#organization\"},\"potentialAction\":[{\"@type\":\"SearchAction\",\"target\":{\"@type\":\"EntryPoint\",\"urlTemplate\":\"https:\\\/\\\/gekupack.de\\\/?s={search_term_string}\"},\"query-input\":{\"@type\":\"PropertyValueSpecification\",\"valueRequired\":true,\"valueName\":\"search_term_string\"}}],\"inLanguage\":\"en-GB\"},{\"@type\":\"Organization\",\"@id\":\"https:\\\/\\\/gekupack.de\\\/#organization\",\"name\":\"GK Industries GmbH\",\"url\":\"https:\\\/\\\/gekupack.de\\\/\",\"logo\":{\"@type\":\"ImageObject\",\"inLanguage\":\"en-GB\",\"@id\":\"https:\\\/\\\/gekupack.de\\\/#\\\/schema\\\/logo\\\/image\\\/\",\"url\":\"https:\\\/\\\/i0.wp.com\\\/gekupack.de\\\/wp-content\\\/uploads\\\/2022\\\/04\\\/GKI_Logo_komprimiert.png?fit=1146%2C545&ssl=1\",\"contentUrl\":\"https:\\\/\\\/i0.wp.com\\\/gekupack.de\\\/wp-content\\\/uploads\\\/2022\\\/04\\\/GKI_Logo_komprimiert.png?fit=1146%2C545&ssl=1\",\"width\":1146,\"height\":545,\"caption\":\"GK Industries GmbH\"},\"image\":{\"@id\":\"https:\\\/\\\/gekupack.de\\\/#\\\/schema\\\/logo\\\/image\\\/\"},\"sameAs\":[\"https:\\\/\\\/www.facebook.com\\\/gekupack\\\/\"]}]}<\/script>\n<!-- \/ Yoast SEO plugin. -->","yoast_head_json":{"title":"Hori\u00adzontale &amp; Ver\u00adtikale Schlauchbeutelmaschinen","description":"Leis\u00adtungsstarke, zuver\u00adl\u00e4ssige Form\u2011, F\u00fcll\u2011, und Ver\u00adschlie\u00dfan\u00adlagen: Hori\u00adzontale und ver\u00adtikale Sch\u00adlauch\u00adbeutel\u00admaschinen f\u00fcr fast jede Anwendung","robots":{"index":"index","follow":"follow","max-snippet":"max-snippet:-1","max-image-preview":"max-image-preview:large","max-video-preview":"max-video-preview:-1"},"canonical":"https:\/\/gekupack.de\/en\/unsere-loesungen\/maschinen\/schlauchbeutelmaschinen\/","og_locale":"en_GB","og_type":"article","og_title":"Horizontale & Vertikale Schlauchbeutelmaschinen","og_description":"Leistungsstarke, zuverl\u00e4ssige Form-, F\u00fcll-, und Verschlie\u00dfanlagen: Horizontale und vertikale Schlauchbeutelmaschinen f\u00fcr fast jede Anwendung","og_url":"https:\/\/gekupack.de\/en\/unsere-loesungen\/maschinen\/schlauchbeutelmaschinen\/","og_site_name":"GK Industries GmbH","article_publisher":"https:\/\/www.facebook.com\/gekupack\/","article_modified_time":"2022-06-17T11:21:37+00:00","og_image":[{"width":1478,"height":258,"url":"https:\/\/gekupack.de\/wp-content\/uploads\/2022\/04\/Banner_Schlauchbeutel-e1652341641703.png","type":"image\/png"}],"twitter_card":"summary_large_image","twitter_misc":{"Estimated reading time":"2 minutes"},"schema":{"@context":"https:\/\/schema.org","@graph":[{"@type":"WebPage","@id":"https:\/\/gekupack.de\/unsere-loesungen\/maschinen\/schlauchbeutelmaschinen\/","url":"https:\/\/gekupack.de\/unsere-loesungen\/maschinen\/schlauchbeutelmaschinen\/","name":"Hori\u00adzontale &amp; Ver\u00adtikale Schlauchbeutelmaschinen","isPartOf":{"@id":"https:\/\/gekupack.de\/#website"},"primaryImageOfPage":{"@id":"https:\/\/gekupack.de\/unsere-loesungen\/maschinen\/schlauchbeutelmaschinen\/#primaryimage"},"image":{"@id":"https:\/\/gekupack.de\/unsere-loesungen\/maschinen\/schlauchbeutelmaschinen\/#primaryimage"},"thumbnailUrl":"https:\/\/i0.wp.com\/gekupack.de\/wp-content\/uploads\/2022\/04\/Banner_Schlauchbeutel-e1652341641703.png?fit=1478%2C258&ssl=1","datePublished":"2022-04-12T07:23:03+00:00","dateModified":"2022-06-17T11:21:37+00:00","description":"Leis\u00adtungsstarke, zuver\u00adl\u00e4ssige Form\u2011, F\u00fcll\u2011, und Ver\u00adschlie\u00dfan\u00adlagen: Hori\u00adzontale und ver\u00adtikale Sch\u00adlauch\u00adbeutel\u00admaschinen f\u00fcr fast jede Anwendung","breadcrumb":{"@id":"https:\/\/gekupack.de\/unsere-loesungen\/maschinen\/schlauchbeutelmaschinen\/#breadcrumb"},"inLanguage":"en-GB","potentialAction":[{"@type":"ReadAction","target":["https:\/\/gekupack.de\/unsere-loesungen\/maschinen\/schlauchbeutelmaschinen\/"]}]},{"@type":"ImageObject","inLanguage":"en-GB","@id":"https:\/\/gekupack.de\/unsere-loesungen\/maschinen\/schlauchbeutelmaschinen\/#primaryimage","url":"https:\/\/i0.wp.com\/gekupack.de\/wp-content\/uploads\/2022\/04\/Banner_Schlauchbeutel-e1652341641703.png?fit=1478%2C258&ssl=1","contentUrl":"https:\/\/i0.wp.com\/gekupack.de\/wp-content\/uploads\/2022\/04\/Banner_Schlauchbeutel-e1652341641703.png?fit=1478%2C258&ssl=1","width":1478,"height":258},{"@type":"BreadcrumbList","@id":"https:\/\/gekupack.de\/unsere-loesungen\/maschinen\/schlauchbeutelmaschinen\/#breadcrumb","itemListElement":[{"@type":"ListItem","position":1,"name":"Startseite","item":"https:\/\/gekupack.de\/"},{"@type":"ListItem","position":2,"name":"Unsere L\u00f6sungen","item":"https:\/\/gekupack.de\/unsere-loesungen\/"},{"@type":"ListItem","position":3,"name":"Maschinen","item":"https:\/\/gekupack.de\/unsere-loesungen\/maschinen\/"},{"@type":"ListItem","position":4,"name":"Schlauchbeutelmaschinen"}]},{"@type":"WebSite","@id":"https:\/\/gekupack.de\/#website","url":"https:\/\/gekupack.de\/","name":"GK Indus\u00adtries&nbsp;GmbH","description":"Wir sind Ihr Ans\u00adprech\u00adpartner, wenn es um L\u00f6sungen im Bereich der Ver\u00adpack\u00adung\u00ads\u00adtechnik geht \u2014 von ein\u00adzelnen Maschinen bis hin zu kom\u00adplexen Produk\u00adtionslinien und voll\u00adst\u00e4ndigen Anlagen.","publisher":{"@id":"https:\/\/gekupack.de\/#organization"},"potentialAction":[{"@type":"SearchAction","target":{"@type":"EntryPoint","urlTemplate":"https:\/\/gekupack.de\/?s={search_term_string}"},"query-input":{"@type":"PropertyValueSpecification","valueRequired":true,"valueName":"search_term_string"}}],"inLanguage":"en-GB"},{"@type":"Organization","@id":"https:\/\/gekupack.de\/#organization","name":"GK Indus\u00adtries&nbsp;GmbH","url":"https:\/\/gekupack.de\/","logo":{"@type":"ImageObject","inLanguage":"en-GB","@id":"https:\/\/gekupack.de\/#\/schema\/logo\/image\/","url":"https:\/\/i0.wp.com\/gekupack.de\/wp-content\/uploads\/2022\/04\/GKI_Logo_komprimiert.png?fit=1146%2C545&ssl=1","contentUrl":"https:\/\/i0.wp.com\/gekupack.de\/wp-content\/uploads\/2022\/04\/GKI_Logo_komprimiert.png?fit=1146%2C545&ssl=1","width":1146,"height":545,"caption":"GK Industries GmbH"},"image":{"@id":"https:\/\/gekupack.de\/#\/schema\/logo\/image\/"},"sameAs":["https:\/\/www.facebook.com\/gekupack\/"]}]}},"jetpack_sharing_enabled":true,"_links":{"self":[{"href":"https:\/\/gekupack.de\/en\/wp-json\/wp\/v2\/pages\/1926","targetHints":{"allow":["GET"]}}],"collection":[{"href":"https:\/\/gekupack.de\/en\/wp-json\/wp\/v2\/pages"}],"about":[{"href":"https:\/\/gekupack.de\/en\/wp-json\/wp\/v2\/types\/page"}],"author":[{"embeddable":true,"href":"https:\/\/gekupack.de\/en\/wp-json\/wp\/v2\/users\/1"}],"replies":[{"embeddable":true,"href":"https:\/\/gekupack.de\/en\/wp-json\/wp\/v2\/comments?post=1926"}],"version-history":[{"count":51,"href":"https:\/\/gekupack.de\/en\/wp-json\/wp\/v2\/pages\/1926\/revisions"}],"predecessor-version":[{"id":5119,"href":"https:\/\/gekupack.de\/en\/wp-json\/wp\/v2\/pages\/1926\/revisions\/5119"}],"up":[{"embeddable":true,"href":"https:\/\/gekupack.de\/en\/wp-json\/wp\/v2\/pages\/2552"}],"wp:featuredmedia":[{"embeddable":true,"href":"https:\/\/gekupack.de\/en\/wp-json\/wp\/v2\/media\/2083"}],"wp:attachment":[{"href":"https:\/\/gekupack.de\/en\/wp-json\/wp\/v2\/media?parent=1926"}],"curies":[{"name":"wp","href":"https:\/\/api.w.org\/{rel}","templated":true}]}}