{"id":2222,"date":"2022-04-14T10:23:12","date_gmt":"2022-04-14T08:23:12","guid":{"rendered":"https:\/\/wp.gekupack.de\/?page_id=2222"},"modified":"2022-06-17T13:09:06","modified_gmt":"2022-06-17T11:09:06","slug":"saatgut","status":"publish","type":"page","link":"https:\/\/gekupack.de\/en\/branchen\/saatgut\/","title":{"rendered":"Seeds"},"content":{"rendered":"<div data-elementor-type=\"wp-page\" data-elementor-id=\"2222\" class=\"elementor elementor-2222\">\n\t\t\t\t\t\t<section class=\"elementor-section elementor-top-section elementor-element elementor-element-1248598e elementor-section-boxed elementor-section-height-default elementor-section-height-default elementor-invisible\" data-id=\"1248598e\" data-element_type=\"section\" data-e-type=\"section\" data-settings=\"{&quot;animation&quot;:&quot;fadeIn&quot;}\">\n\t\t\t\t\t\t<div class=\"elementor-container elementor-column-gap-default\">\n\t\t\t\t\t<div class=\"elementor-column elementor-col-100 elementor-top-column elementor-element elementor-element-1b2e74dd\" data-id=\"1b2e74dd\" data-element_type=\"column\" data-e-type=\"column\">\n\t\t\t<div class=\"elementor-widget-wrap elementor-element-populated\">\n\t\t\t\t\t\t<div class=\"elementor-element elementor-element-4782a2c7 elementor-widget elementor-widget-heading\" data-id=\"4782a2c7\" data-element_type=\"widget\" data-e-type=\"widget\" data-widget_type=\"heading.default\">\n\t\t\t\t<div class=\"elementor-widget-container\">\n\t\t\t\t\t<h2 class=\"elementor-heading-title elementor-size-default\">Auto\u00admated solu\u00adtions for dosing &amp; weighing<\/h2>\t\t\t\t<\/div>\n\t\t\t\t<\/div>\n\t\t\t\t\t<\/div>\n\t\t<\/div>\n\t\t\t\t\t<\/div>\n\t\t<\/section>\n\t\t\t\t<section class=\"elementor-section elementor-top-section elementor-element elementor-element-4e47a47a elementor-section-boxed elementor-section-height-default elementor-section-height-default elementor-invisible\" data-id=\"4e47a47a\" data-element_type=\"section\" data-e-type=\"section\" data-settings=\"{&quot;animation&quot;:&quot;fadeIn&quot;,&quot;animation_delay&quot;:200}\">\n\t\t\t\t\t\t<div class=\"elementor-container elementor-column-gap-default\">\n\t\t\t\t\t<div class=\"elementor-column elementor-col-50 elementor-top-column elementor-element elementor-element-ec05e3b\" data-id=\"ec05e3b\" data-element_type=\"column\" data-e-type=\"column\">\n\t\t\t<div class=\"elementor-widget-wrap elementor-element-populated\">\n\t\t\t\t\t\t<div class=\"elementor-element elementor-element-40197e45 elementor-widget elementor-widget-image\" data-id=\"40197e45\" data-element_type=\"widget\" data-e-type=\"widget\" data-widget_type=\"image.default\">\n\t\t\t\t<div class=\"elementor-widget-container\">\n\t\t\t\t\t\t\t\t\t\t\t\t\t\t\t<img fetchpriority=\"high\" decoding=\"async\" width=\"500\" height=\"300\" src=\"https:\/\/i0.wp.com\/gekupack.de\/wp-content\/uploads\/2022\/04\/Saatgut.jpg?fit=500%2C300&amp;ssl=1\" class=\"attachment-large size-large wp-image-2230\" alt=\"Verpackungsmaschine Saatgut Gekupack\" srcset=\"https:\/\/i0.wp.com\/gekupack.de\/wp-content\/uploads\/2022\/04\/Saatgut.jpg?w=500&amp;ssl=1 500w, https:\/\/i0.wp.com\/gekupack.de\/wp-content\/uploads\/2022\/04\/Saatgut.jpg?resize=300%2C180&amp;ssl=1 300w, https:\/\/i0.wp.com\/gekupack.de\/wp-content\/uploads\/2022\/04\/Saatgut.jpg?resize=18%2C12&amp;ssl=1 18w\" sizes=\"(max-width: 500px) 100vw, 500px\">\t\t\t\t\t\t\t\t\t\t\t\t\t\t\t<\/div>\n\t\t\t\t<\/div>\n\t\t\t\t\t<\/div>\n\t\t<\/div>\n\t\t\t\t<div class=\"elementor-column elementor-col-50 elementor-top-column elementor-element elementor-element-2aa87bf\" data-id=\"2aa87bf\" data-element_type=\"column\" data-e-type=\"column\">\n\t\t\t<div class=\"elementor-widget-wrap elementor-element-populated\">\n\t\t\t\t\t\t<div class=\"elementor-element elementor-element-214d8168 elementor-invisible elementor-widget elementor-widget-heading\" data-id=\"214d8168\" data-element_type=\"widget\" data-e-type=\"widget\" data-settings=\"{&quot;_animation&quot;:&quot;fadeIn&quot;,&quot;_animation_delay&quot;:300}\" data-widget_type=\"heading.default\">\n\t\t\t\t<div class=\"elementor-widget-container\">\n\t\t\t\t\t<h2 class=\"elementor-heading-title elementor-size-default\">Seeds &amp; Grains<\/h2>\t\t\t\t<\/div>\n\t\t\t\t<\/div>\n\t\t\t\t<div class=\"elementor-element elementor-element-626f0ca7 elementor-invisible elementor-widget elementor-widget-text-editor\" data-id=\"626f0ca7\" data-element_type=\"widget\" data-e-type=\"widget\" data-settings=\"{&quot;_animation&quot;:&quot;fadeIn&quot;,&quot;_animation_delay&quot;:500}\" data-widget_type=\"text-editor.default\">\n\t\t\t\t<div class=\"elementor-widget-container\">\n\t\t\t\t\t\t\t\t\t<p>Seeds and grains can be packed in a wide variety of packages with our machines. The flex\u00adib\u00adility of the machines is of great importance to us, because several seeds with dif\u00adferent physical prop\u00aderties may have to be packaged with one machine.<\/p>\t\t\t\t\t\t\t\t<\/div>\n\t\t\t\t<\/div>\n\t\t\t\t<div class=\"elementor-element elementor-element-7c326756 elementor-drop-cap-yes elementor-drop-cap-view-default elementor-invisible elementor-widget elementor-widget-text-editor\" data-id=\"7c326756\" data-element_type=\"widget\" data-e-type=\"widget\" data-settings=\"{&quot;drop_cap&quot;:&quot;yes&quot;,&quot;_animation&quot;:&quot;fadeIn&quot;,&quot;_animation_delay&quot;:700}\" data-widget_type=\"text-editor.default\">\n\t\t\t\t<div class=\"elementor-widget-container\">\n\t\t\t\t\t\t\t\t\t<p>COM\u00adPLETE SYSTEMS<\/p>\t\t\t\t\t\t\t\t<\/div>\n\t\t\t\t<\/div>\n\t\t\t\t<div class=\"elementor-element elementor-element-745c5cee elementor-invisible elementor-widget elementor-widget-text-editor\" data-id=\"745c5cee\" data-element_type=\"widget\" data-e-type=\"widget\" data-settings=\"{&quot;_animation&quot;:&quot;fadeIn&quot;,&quot;_animation_delay&quot;:800}\" data-widget_type=\"text-editor.default\">\n\t\t\t\t<div class=\"elementor-widget-container\">\n\t\t\t\t\t\t\t\t\t<p>We not only supply indi\u00advidual com\u00adponents and machines, but also design com\u00adplete, highly auto\u00admated systems for our cus\u00adtomers. This includes, for example, material transport via belts or dosing screws, mixing systems and weighing or counting machines, right up to pack\u00adaging machines.<\/p>\t\t\t\t\t\t\t\t<\/div>\n\t\t\t\t<\/div>\n\t\t\t\t\t<\/div>\n\t\t<\/div>\n\t\t\t\t\t<\/div>\n\t\t<\/section>\n\t\t\t\t<section class=\"elementor-section elementor-top-section elementor-element elementor-element-220bfcba elementor-reverse-mobile elementor-section-boxed elementor-section-height-default elementor-section-height-default\" data-id=\"220bfcba\" data-element_type=\"section\" data-e-type=\"section\">\n\t\t\t\t\t\t<div class=\"elementor-container elementor-column-gap-default\">\n\t\t\t\t\t<div class=\"elementor-column elementor-col-50 elementor-top-column elementor-element elementor-element-6c622066\" data-id=\"6c622066\" data-element_type=\"column\" data-e-type=\"column\">\n\t\t\t<div class=\"elementor-widget-wrap elementor-element-populated\">\n\t\t\t\t\t\t<div class=\"elementor-element elementor-element-2322f6c0 elementor-invisible elementor-widget elementor-widget-heading\" data-id=\"2322f6c0\" data-element_type=\"widget\" data-e-type=\"widget\" data-settings=\"{&quot;_animation&quot;:&quot;fadeIn&quot;}\" data-widget_type=\"heading.default\">\n\t\t\t\t<div class=\"elementor-widget-container\">\n\t\t\t\t\t<h2 class=\"elementor-heading-title elementor-size-default\">Nuts &amp; Coffee Beans<\/h2>\t\t\t\t<\/div>\n\t\t\t\t<\/div>\n\t\t\t\t<div class=\"elementor-element elementor-element-1dd625ff elementor-invisible elementor-widget elementor-widget-text-editor\" data-id=\"1dd625ff\" data-element_type=\"widget\" data-e-type=\"widget\" data-settings=\"{&quot;_animation&quot;:&quot;fadeIn&quot;,&quot;_animation_delay&quot;:500}\" data-widget_type=\"text-editor.default\">\n\t\t\t\t<div class=\"elementor-widget-container\">\n\t\t\t\t\t\t\t\t\t<p>With our machines and systems, various powdery or granular products can be dosed and packaged. Classic examples of applic\u00ada\u00adtions are nuts and coffee beans in addition to con\u00adven\u00adtional seeds for the agri\u00adcul\u00adtural or garden sector.<\/p>\t\t\t\t\t\t\t\t<\/div>\n\t\t\t\t<\/div>\n\t\t\t\t<div class=\"elementor-element elementor-element-2b206d5b elementor-drop-cap-yes elementor-drop-cap-view-default elementor-invisible elementor-widget elementor-widget-text-editor\" data-id=\"2b206d5b\" data-element_type=\"widget\" data-e-type=\"widget\" data-settings=\"{&quot;drop_cap&quot;:&quot;yes&quot;,&quot;_animation&quot;:&quot;fadeIn&quot;,&quot;_animation_delay&quot;:750}\" data-widget_type=\"text-editor.default\">\n\t\t\t\t<div class=\"elementor-widget-container\">\n\t\t\t\t\t\t\t\t\t<p>MIX\u00adTURES<\/p>\t\t\t\t\t\t\t\t<\/div>\n\t\t\t\t<\/div>\n\t\t\t\t<div class=\"elementor-element elementor-element-fc284ff elementor-invisible elementor-widget elementor-widget-text-editor\" data-id=\"fc284ff\" data-element_type=\"widget\" data-e-type=\"widget\" data-settings=\"{&quot;_animation&quot;:&quot;fadeIn&quot;,&quot;_animation_delay&quot;:850}\" data-widget_type=\"text-editor.default\">\n\t\t\t\t<div class=\"elementor-widget-container\">\n\t\t\t\t\t\t\t\t\t<p>If dif\u00adferent seeds with special mixing ratios are to be packed, then we use our round head weighers. In this way, we can guar\u00adantee our cus\u00adtomers that indi\u00advidual com\u00adpos\u00adi\u00adtions can be adhered to.<\/p>\t\t\t\t\t\t\t\t<\/div>\n\t\t\t\t<\/div>\n\t\t\t\t\t<\/div>\n\t\t<\/div>\n\t\t\t\t<div class=\"elementor-column elementor-col-50 elementor-top-column elementor-element elementor-element-300d1b26\" data-id=\"300d1b26\" data-element_type=\"column\" data-e-type=\"column\">\n\t\t\t<div class=\"elementor-widget-wrap elementor-element-populated\">\n\t\t\t\t\t\t<div class=\"elementor-element elementor-element-78688c5a elementor-invisible elementor-widget elementor-widget-image\" data-id=\"78688c5a\" data-element_type=\"widget\" data-e-type=\"widget\" data-settings=\"{&quot;_animation&quot;:&quot;fadeIn&quot;,&quot;_animation_delay&quot;:700}\" data-widget_type=\"image.default\">\n\t\t\t\t<div class=\"elementor-widget-container\">\n\t\t\t\t\t\t\t\t\t\t\t\t\t\t\t<img decoding=\"async\" width=\"500\" height=\"300\" src=\"https:\/\/i0.wp.com\/gekupack.de\/wp-content\/uploads\/2022\/04\/almond-g9f281da6c_1920.jpg?fit=500%2C300&amp;ssl=1\" class=\"attachment-large size-large wp-image-2231\" alt=\"Mandeln, Almond, N\u00fcsse, Nuesse, Z\u00e4hlen, Mischen, Verpacken, Verpackungsmaschine\" srcset=\"https:\/\/i0.wp.com\/gekupack.de\/wp-content\/uploads\/2022\/04\/almond-g9f281da6c_1920.jpg?w=500&amp;ssl=1 500w, https:\/\/i0.wp.com\/gekupack.de\/wp-content\/uploads\/2022\/04\/almond-g9f281da6c_1920.jpg?resize=300%2C180&amp;ssl=1 300w, https:\/\/i0.wp.com\/gekupack.de\/wp-content\/uploads\/2022\/04\/almond-g9f281da6c_1920.jpg?resize=18%2C12&amp;ssl=1 18w\" sizes=\"(max-width: 500px) 100vw, 500px\">\t\t\t\t\t\t\t\t\t\t\t\t\t\t\t<\/div>\n\t\t\t\t<\/div>\n\t\t\t\t\t<\/div>\n\t\t<\/div>\n\t\t\t\t\t<\/div>\n\t\t<\/section>\n\t\t\t\t<section class=\"elementor-section elementor-top-section elementor-element elementor-element-b7b0425 elementor-section-boxed elementor-section-height-default elementor-section-height-default\" data-id=\"b7b0425\" data-element_type=\"section\" data-e-type=\"section\">\n\t\t\t\t\t\t<div class=\"elementor-container elementor-column-gap-default\">\n\t\t\t\t\t<div class=\"elementor-column elementor-col-100 elementor-top-column elementor-element elementor-element-cd11212\" data-id=\"cd11212\" data-element_type=\"column\" data-e-type=\"column\">\n\t\t\t<div class=\"elementor-widget-wrap elementor-element-populated\">\n\t\t\t\t\t\t<div class=\"elementor-element elementor-element-720a0e7 elementor-widget elementor-widget-text-editor\" data-id=\"720a0e7\" data-element_type=\"widget\" data-e-type=\"widget\" data-widget_type=\"text-editor.default\">\n\t\t\t\t<div class=\"elementor-widget-container\">\n\t\t\t\t\t\t\t\t\t<p><\/p><div class=\"addtoany_shortcode\"><div class=\"a2a_kit a2a_kit_size_32 addtoany_list\" data-a2a-url=\"https:\/\/gekupack.de\/en\/branchen\/saatgut\/\" data-a2a-title=\"Saatgut\"><a class=\"a2a_button_email\" href=\"https:\/\/www.addtoany.com\/add_to\/email?linkurl=https%3A%2F%2Fgekupack.de%2Fen%2Fbranchen%2Fsaatgut%2F&amp;linkname=Saatgut\" title=\"Email\" rel=\"nofollow noopener\" target=\"_blank\"><\/a><a class=\"a2a_button_whatsapp\" href=\"https:\/\/www.addtoany.com\/add_to\/whatsapp?linkurl=https%3A%2F%2Fgekupack.de%2Fen%2Fbranchen%2Fsaatgut%2F&amp;linkname=Saatgut\" title=\"WhatsApp\" rel=\"nofollow noopener\" target=\"_blank\"><\/a><a class=\"a2a_button_copy_link\" href=\"https:\/\/www.addtoany.com\/add_to\/copy_link?linkurl=https%3A%2F%2Fgekupack.de%2Fen%2Fbranchen%2Fsaatgut%2F&amp;linkname=Saatgut\" title=\"Copy Link\" rel=\"nofollow noopener\" target=\"_blank\"><\/a><a class=\"a2a_button_print\" href=\"https:\/\/www.addtoany.com\/add_to\/print?linkurl=https%3A%2F%2Fgekupack.de%2Fen%2Fbranchen%2Fsaatgut%2F&amp;linkname=Saatgut\" title=\"Print\" rel=\"nofollow noopener\" target=\"_blank\"><\/a><\/div><\/div>\t\t\t\t\t\t\t\t<\/div>\n\t\t\t\t<\/div>\n\t\t\t\t\t<\/div>\n\t\t<\/div>\n\t\t\t\t\t<\/div>\n\t\t<\/section>\n\t\t\t\t<section class=\"elementor-section elementor-top-section elementor-element elementor-element-df25356 elementor-section-stretched elementor-section-boxed elementor-section-height-default elementor-section-height-default\" data-id=\"df25356\" data-element_type=\"section\" data-e-type=\"section\" data-settings=\"{&quot;stretch_section&quot;:&quot;section-stretched&quot;,&quot;background_background&quot;:&quot;classic&quot;}\">\n\t\t\t\t\t\t<div class=\"elementor-container elementor-column-gap-default\">\n\t\t\t\t\t<div class=\"elementor-column elementor-col-100 elementor-top-column elementor-element elementor-element-05eb68a\" data-id=\"05eb68a\" data-element_type=\"column\" data-e-type=\"column\">\n\t\t\t<div class=\"elementor-widget-wrap elementor-element-populated\">\n\t\t\t\t\t\t<div class=\"elementor-element elementor-element-58bd1ea elementor-widget elementor-widget-spacer\" data-id=\"58bd1ea\" data-element_type=\"widget\" data-e-type=\"widget\" data-widget_type=\"spacer.default\">\n\t\t\t\t<div class=\"elementor-widget-container\">\n\t\t\t\t\t\t\t<div class=\"elementor-spacer\">\n\t\t\t<div class=\"elementor-spacer-inner\"><\/div>\n\t\t<\/div>\n\t\t\t\t\t\t<\/div>\n\t\t\t\t<\/div>\n\t\t\t\t\t<\/div>\n\t\t<\/div>\n\t\t\t\t\t<\/div>\n\t\t<\/section>\n\t\t\t\t<\/div>","protected":false},"excerpt":{"rendered":"<p>Auto\u00admat\u00adis\u00adierte L\u00f6sungen zum Dosieren &amp; Wiegen S\u00e4mereien &amp; K\u00f6rner Saatgut bzw. K\u00f6rner k\u00f6nnen mit unseren Anlagen in den ver\u00adschiedensten Ver\u00adpack\u00adungen ver\u00adpackt werden. Dabei ist f\u00fcr uns die Flex\u00adib\u00adilit\u00e4t der Anlagen&nbsp;\u2026<\/p>","protected":false},"author":1,"featured_media":2226,"parent":22,"menu_order":0,"comment_status":"closed","ping_status":"closed","template":"","meta":{"wp_typography_post_enhancements_disabled":false,"footnotes":""},"class_list":["post-2222","page","type-page","status-publish","has-post-thumbnail","hentry"],"yoast_head":"<!-- This site is optimized with the Yoast SEO plugin v27.3 - https:\/\/yoast.com\/product\/yoast-seo-wordpress\/ -->\n<title>Saatgut dosieren &amp; verpacken mit Anlagen von Gekupack\u00ae<\/title>\n<meta name=\"description\" content=\"Ma\u00dfgeschneiderte Anlagen f\u00fcr das Dosieren, Mischen und Verpacken von Saatgut, K\u00f6rnern, N\u00fcssen &amp; mehr - Von der Idee bis zur Inbetriebnahme\" \/>\n<meta name=\"robots\" content=\"index, follow, max-snippet:-1, max-image-preview:large, max-video-preview:-1\" \/>\n<link rel=\"canonical\" href=\"https:\/\/gekupack.de\/en\/branchen\/saatgut\/\" \/>\n<meta property=\"og:locale\" content=\"en_GB\" \/>\n<meta property=\"og:type\" content=\"article\" \/>\n<meta property=\"og:title\" content=\"Saatgut dosieren &amp; verpacken mit Anlagen von Gekupack\u00ae\" \/>\n<meta property=\"og:description\" content=\"Ma\u00dfgeschneiderte Anlagen f\u00fcr das Dosieren, Mischen und Verpacken von Saatgut, K\u00f6rnern, N\u00fcssen &amp; mehr - Von der Idee bis zur Inbetriebnahme\" \/>\n<meta property=\"og:url\" content=\"https:\/\/gekupack.de\/en\/branchen\/saatgut\/\" \/>\n<meta property=\"og:site_name\" content=\"GK Industries GmbH\" \/>\n<meta property=\"article:publisher\" content=\"https:\/\/www.facebook.com\/gekupack\/\" \/>\n<meta property=\"article:modified_time\" content=\"2022-06-17T11:09:06+00:00\" \/>\n<meta property=\"og:image\" content=\"https:\/\/gekupack.de\/wp-content\/uploads\/2022\/04\/hanfsaat.jpg\" \/>\n\t<meta property=\"og:image:width\" content=\"500\" \/>\n\t<meta property=\"og:image:height\" content=\"300\" \/>\n\t<meta property=\"og:image:type\" content=\"image\/jpeg\" \/>\n<meta name=\"twitter:card\" content=\"summary_large_image\" \/>\n<meta name=\"twitter:label1\" content=\"Estimated reading time\" \/>\n\t<meta name=\"twitter:data1\" content=\"2 minutes\" \/>\n<script type=\"application\/ld+json\" class=\"yoast-schema-graph\">{\"@context\":\"https:\\\/\\\/schema.org\",\"@graph\":[{\"@type\":\"WebPage\",\"@id\":\"https:\\\/\\\/gekupack.de\\\/branchen\\\/saatgut\\\/\",\"url\":\"https:\\\/\\\/gekupack.de\\\/branchen\\\/saatgut\\\/\",\"name\":\"Saatgut dosieren & verpacken mit Anlagen von Gekupack\u00ae\",\"isPartOf\":{\"@id\":\"https:\\\/\\\/gekupack.de\\\/#website\"},\"primaryImageOfPage\":{\"@id\":\"https:\\\/\\\/gekupack.de\\\/branchen\\\/saatgut\\\/#primaryimage\"},\"image\":{\"@id\":\"https:\\\/\\\/gekupack.de\\\/branchen\\\/saatgut\\\/#primaryimage\"},\"thumbnailUrl\":\"https:\\\/\\\/i0.wp.com\\\/gekupack.de\\\/wp-content\\\/uploads\\\/2022\\\/04\\\/hanfsaat.jpg?fit=500%2C300&ssl=1\",\"datePublished\":\"2022-04-14T08:23:12+00:00\",\"dateModified\":\"2022-06-17T11:09:06+00:00\",\"description\":\"Ma\u00dfgeschneiderte Anlagen f\u00fcr das Dosieren, Mischen und Verpacken von Saatgut, K\u00f6rnern, N\u00fcssen & mehr - Von der Idee bis zur Inbetriebnahme\",\"breadcrumb\":{\"@id\":\"https:\\\/\\\/gekupack.de\\\/branchen\\\/saatgut\\\/#breadcrumb\"},\"inLanguage\":\"en-GB\",\"potentialAction\":[{\"@type\":\"ReadAction\",\"target\":[\"https:\\\/\\\/gekupack.de\\\/branchen\\\/saatgut\\\/\"]}]},{\"@type\":\"ImageObject\",\"inLanguage\":\"en-GB\",\"@id\":\"https:\\\/\\\/gekupack.de\\\/branchen\\\/saatgut\\\/#primaryimage\",\"url\":\"https:\\\/\\\/i0.wp.com\\\/gekupack.de\\\/wp-content\\\/uploads\\\/2022\\\/04\\\/hanfsaat.jpg?fit=500%2C300&ssl=1\",\"contentUrl\":\"https:\\\/\\\/i0.wp.com\\\/gekupack.de\\\/wp-content\\\/uploads\\\/2022\\\/04\\\/hanfsaat.jpg?fit=500%2C300&ssl=1\",\"width\":500,\"height\":300,\"caption\":\"Hanfsaat Saatgut Seeds Verpacken Dosieren Gekupack\"},{\"@type\":\"BreadcrumbList\",\"@id\":\"https:\\\/\\\/gekupack.de\\\/branchen\\\/saatgut\\\/#breadcrumb\",\"itemListElement\":[{\"@type\":\"ListItem\",\"position\":1,\"name\":\"Startseite\",\"item\":\"https:\\\/\\\/gekupack.de\\\/\"},{\"@type\":\"ListItem\",\"position\":2,\"name\":\"Branchenl\u00f6sungen\",\"item\":\"https:\\\/\\\/gekupack.de\\\/branchen\\\/\"},{\"@type\":\"ListItem\",\"position\":3,\"name\":\"Saatgut\"}]},{\"@type\":\"WebSite\",\"@id\":\"https:\\\/\\\/gekupack.de\\\/#website\",\"url\":\"https:\\\/\\\/gekupack.de\\\/\",\"name\":\"GK Industries GmbH\",\"description\":\"Wir sind Ihr Ansprechpartner, wenn es um L\u00f6sungen im Bereich der Verpackungstechnik geht - von einzelnen Maschinen bis hin zu komplexen Produktionslinien und vollst\u00e4ndigen Anlagen.\",\"publisher\":{\"@id\":\"https:\\\/\\\/gekupack.de\\\/#organization\"},\"potentialAction\":[{\"@type\":\"SearchAction\",\"target\":{\"@type\":\"EntryPoint\",\"urlTemplate\":\"https:\\\/\\\/gekupack.de\\\/?s={search_term_string}\"},\"query-input\":{\"@type\":\"PropertyValueSpecification\",\"valueRequired\":true,\"valueName\":\"search_term_string\"}}],\"inLanguage\":\"en-GB\"},{\"@type\":\"Organization\",\"@id\":\"https:\\\/\\\/gekupack.de\\\/#organization\",\"name\":\"GK Industries GmbH\",\"url\":\"https:\\\/\\\/gekupack.de\\\/\",\"logo\":{\"@type\":\"ImageObject\",\"inLanguage\":\"en-GB\",\"@id\":\"https:\\\/\\\/gekupack.de\\\/#\\\/schema\\\/logo\\\/image\\\/\",\"url\":\"https:\\\/\\\/i0.wp.com\\\/gekupack.de\\\/wp-content\\\/uploads\\\/2022\\\/04\\\/GKI_Logo_komprimiert.png?fit=1146%2C545&ssl=1\",\"contentUrl\":\"https:\\\/\\\/i0.wp.com\\\/gekupack.de\\\/wp-content\\\/uploads\\\/2022\\\/04\\\/GKI_Logo_komprimiert.png?fit=1146%2C545&ssl=1\",\"width\":1146,\"height\":545,\"caption\":\"GK Industries GmbH\"},\"image\":{\"@id\":\"https:\\\/\\\/gekupack.de\\\/#\\\/schema\\\/logo\\\/image\\\/\"},\"sameAs\":[\"https:\\\/\\\/www.facebook.com\\\/gekupack\\\/\"]}]}<\/script>\n<!-- \/ Yoast SEO plugin. -->","yoast_head_json":{"title":"Saatgut dosieren &amp; ver\u00adpacken mit Anlagen von Gekupack\u00ae","description":"Ma\u00dfgeschneiderte Anlagen f\u00fcr das Dosieren, Mischen und Ver\u00adpacken von Saatgut, K\u00f6rnern, N\u00fcssen &amp; mehr \u2014 Von der Idee bis zur Inbetriebnahme","robots":{"index":"index","follow":"follow","max-snippet":"max-snippet:-1","max-image-preview":"max-image-preview:large","max-video-preview":"max-video-preview:-1"},"canonical":"https:\/\/gekupack.de\/en\/branchen\/saatgut\/","og_locale":"en_GB","og_type":"article","og_title":"Saatgut dosieren & verpacken mit Anlagen von Gekupack\u00ae","og_description":"Ma\u00dfgeschneiderte Anlagen f\u00fcr das Dosieren, Mischen und Verpacken von Saatgut, K\u00f6rnern, N\u00fcssen & mehr - Von der Idee bis zur Inbetriebnahme","og_url":"https:\/\/gekupack.de\/en\/branchen\/saatgut\/","og_site_name":"GK Industries GmbH","article_publisher":"https:\/\/www.facebook.com\/gekupack\/","article_modified_time":"2022-06-17T11:09:06+00:00","og_image":[{"width":500,"height":300,"url":"https:\/\/gekupack.de\/wp-content\/uploads\/2022\/04\/hanfsaat.jpg","type":"image\/jpeg"}],"twitter_card":"summary_large_image","twitter_misc":{"Estimated reading time":"2 minutes"},"schema":{"@context":"https:\/\/schema.org","@graph":[{"@type":"WebPage","@id":"https:\/\/gekupack.de\/branchen\/saatgut\/","url":"https:\/\/gekupack.de\/branchen\/saatgut\/","name":"Saatgut dosieren &amp; ver\u00adpacken mit Anlagen von Gekupack\u00ae","isPartOf":{"@id":"https:\/\/gekupack.de\/#website"},"primaryImageOfPage":{"@id":"https:\/\/gekupack.de\/branchen\/saatgut\/#primaryimage"},"image":{"@id":"https:\/\/gekupack.de\/branchen\/saatgut\/#primaryimage"},"thumbnailUrl":"https:\/\/i0.wp.com\/gekupack.de\/wp-content\/uploads\/2022\/04\/hanfsaat.jpg?fit=500%2C300&ssl=1","datePublished":"2022-04-14T08:23:12+00:00","dateModified":"2022-06-17T11:09:06+00:00","description":"Ma\u00dfgeschneiderte Anlagen f\u00fcr das Dosieren, Mischen und Ver\u00adpacken von Saatgut, K\u00f6rnern, N\u00fcssen &amp; mehr \u2014 Von der Idee bis zur Inbetriebnahme","breadcrumb":{"@id":"https:\/\/gekupack.de\/branchen\/saatgut\/#breadcrumb"},"inLanguage":"en-GB","potentialAction":[{"@type":"ReadAction","target":["https:\/\/gekupack.de\/branchen\/saatgut\/"]}]},{"@type":"ImageObject","inLanguage":"en-GB","@id":"https:\/\/gekupack.de\/branchen\/saatgut\/#primaryimage","url":"https:\/\/i0.wp.com\/gekupack.de\/wp-content\/uploads\/2022\/04\/hanfsaat.jpg?fit=500%2C300&ssl=1","contentUrl":"https:\/\/i0.wp.com\/gekupack.de\/wp-content\/uploads\/2022\/04\/hanfsaat.jpg?fit=500%2C300&ssl=1","width":500,"height":300,"caption":"Hanfsaat Saatgut Seeds Verpacken Dosieren Gekupack"},{"@type":"BreadcrumbList","@id":"https:\/\/gekupack.de\/branchen\/saatgut\/#breadcrumb","itemListElement":[{"@type":"ListItem","position":1,"name":"Startseite","item":"https:\/\/gekupack.de\/"},{"@type":"ListItem","position":2,"name":"Branchenl\u00f6sungen","item":"https:\/\/gekupack.de\/branchen\/"},{"@type":"ListItem","position":3,"name":"Saatgut"}]},{"@type":"WebSite","@id":"https:\/\/gekupack.de\/#website","url":"https:\/\/gekupack.de\/","name":"GK Indus\u00adtries&nbsp;GmbH","description":"Wir sind Ihr Ans\u00adprech\u00adpartner, wenn es um L\u00f6sungen im Bereich der Ver\u00adpack\u00adung\u00ads\u00adtechnik geht \u2014 von ein\u00adzelnen Maschinen bis hin zu kom\u00adplexen Produk\u00adtionslinien und voll\u00adst\u00e4ndigen Anlagen.","publisher":{"@id":"https:\/\/gekupack.de\/#organization"},"potentialAction":[{"@type":"SearchAction","target":{"@type":"EntryPoint","urlTemplate":"https:\/\/gekupack.de\/?s={search_term_string}"},"query-input":{"@type":"PropertyValueSpecification","valueRequired":true,"valueName":"search_term_string"}}],"inLanguage":"en-GB"},{"@type":"Organization","@id":"https:\/\/gekupack.de\/#organization","name":"GK Indus\u00adtries&nbsp;GmbH","url":"https:\/\/gekupack.de\/","logo":{"@type":"ImageObject","inLanguage":"en-GB","@id":"https:\/\/gekupack.de\/#\/schema\/logo\/image\/","url":"https:\/\/i0.wp.com\/gekupack.de\/wp-content\/uploads\/2022\/04\/GKI_Logo_komprimiert.png?fit=1146%2C545&ssl=1","contentUrl":"https:\/\/i0.wp.com\/gekupack.de\/wp-content\/uploads\/2022\/04\/GKI_Logo_komprimiert.png?fit=1146%2C545&ssl=1","width":1146,"height":545,"caption":"GK Industries GmbH"},"image":{"@id":"https:\/\/gekupack.de\/#\/schema\/logo\/image\/"},"sameAs":["https:\/\/www.facebook.com\/gekupack\/"]}]}},"jetpack_sharing_enabled":true,"_links":{"self":[{"href":"https:\/\/gekupack.de\/en\/wp-json\/wp\/v2\/pages\/2222","targetHints":{"allow":["GET"]}}],"collection":[{"href":"https:\/\/gekupack.de\/en\/wp-json\/wp\/v2\/pages"}],"about":[{"href":"https:\/\/gekupack.de\/en\/wp-json\/wp\/v2\/types\/page"}],"author":[{"embeddable":true,"href":"https:\/\/gekupack.de\/en\/wp-json\/wp\/v2\/users\/1"}],"replies":[{"embeddable":true,"href":"https:\/\/gekupack.de\/en\/wp-json\/wp\/v2\/comments?post=2222"}],"version-history":[{"count":53,"href":"https:\/\/gekupack.de\/en\/wp-json\/wp\/v2\/pages\/2222\/revisions"}],"predecessor-version":[{"id":5077,"href":"https:\/\/gekupack.de\/en\/wp-json\/wp\/v2\/pages\/2222\/revisions\/5077"}],"up":[{"embeddable":true,"href":"https:\/\/gekupack.de\/en\/wp-json\/wp\/v2\/pages\/22"}],"wp:featuredmedia":[{"embeddable":true,"href":"https:\/\/gekupack.de\/en\/wp-json\/wp\/v2\/media\/2226"}],"wp:attachment":[{"href":"https:\/\/gekupack.de\/en\/wp-json\/wp\/v2\/media?parent=2222"}],"curies":[{"name":"wp","href":"https:\/\/api.w.org\/{rel}","templated":true}]}}