{"id":2254,"date":"2022-04-14T10:57:49","date_gmt":"2022-04-14T08:57:49","guid":{"rendered":"https:\/\/wp.gekupack.de\/?page_id=2254"},"modified":"2022-06-17T13:09:56","modified_gmt":"2022-06-17T11:09:56","slug":"sonstiges","status":"publish","type":"page","link":"https:\/\/gekupack.de\/en\/branchen\/sonstiges\/","title":{"rendered":"non-food"},"content":{"rendered":"<div data-elementor-type=\"wp-page\" data-elementor-id=\"2254\" class=\"elementor elementor-2254\">\n\t\t\t\t\t\t<section class=\"elementor-section elementor-top-section elementor-element elementor-element-2afd806f elementor-section-boxed elementor-section-height-default elementor-section-height-default elementor-invisible\" data-id=\"2afd806f\" data-element_type=\"section\" data-e-type=\"section\" data-settings=\"{&quot;animation&quot;:&quot;fadeIn&quot;}\">\n\t\t\t\t\t\t<div class=\"elementor-container elementor-column-gap-default\">\n\t\t\t\t\t<div class=\"elementor-column elementor-col-100 elementor-top-column elementor-element elementor-element-58a6ca88\" data-id=\"58a6ca88\" data-element_type=\"column\" data-e-type=\"column\">\n\t\t\t<div class=\"elementor-widget-wrap elementor-element-populated\">\n\t\t\t\t\t\t<div class=\"elementor-element elementor-element-55e39944 elementor-widget elementor-widget-heading\" data-id=\"55e39944\" data-element_type=\"widget\" data-e-type=\"widget\" data-widget_type=\"heading.default\">\n\t\t\t\t<div class=\"elementor-widget-container\">\n\t\t\t\t\t<h2 class=\"elementor-heading-title elementor-size-default\">Industry solu\u00adtions also for your company<\/h2>\t\t\t\t<\/div>\n\t\t\t\t<\/div>\n\t\t\t\t\t<\/div>\n\t\t<\/div>\n\t\t\t\t\t<\/div>\n\t\t<\/section>\n\t\t\t\t<section class=\"elementor-section elementor-top-section elementor-element elementor-element-3b914366 elementor-section-boxed elementor-section-height-default elementor-section-height-default elementor-invisible\" data-id=\"3b914366\" data-element_type=\"section\" data-e-type=\"section\" data-settings=\"{&quot;animation&quot;:&quot;fadeIn&quot;,&quot;animation_delay&quot;:200}\">\n\t\t\t\t\t\t<div class=\"elementor-container elementor-column-gap-default\">\n\t\t\t\t\t<div class=\"elementor-column elementor-col-50 elementor-top-column elementor-element elementor-element-46f24f57\" data-id=\"46f24f57\" data-element_type=\"column\" data-e-type=\"column\">\n\t\t\t<div class=\"elementor-widget-wrap elementor-element-populated\">\n\t\t\t\t\t\t<div class=\"elementor-element elementor-element-12416f5 elementor-widget elementor-widget-image\" data-id=\"12416f5\" data-element_type=\"widget\" data-e-type=\"widget\" data-widget_type=\"image.default\">\n\t\t\t\t<div class=\"elementor-widget-container\">\n\t\t\t\t\t\t\t\t\t\t\t\t\t\t\t<img fetchpriority=\"high\" decoding=\"async\" width=\"500\" height=\"300\" src=\"https:\/\/i0.wp.com\/gekupack.de\/wp-content\/uploads\/2022\/04\/Photo_1649925296404.jpg?fit=500%2C300&amp;ssl=1\" class=\"attachment-large size-large wp-image-2258\" alt=\"Schrauben Muttern Scheiben automatisiert dosieren z\u00e4hlen verpacken Gekupack\" srcset=\"https:\/\/i0.wp.com\/gekupack.de\/wp-content\/uploads\/2022\/04\/Photo_1649925296404.jpg?w=500&amp;ssl=1 500w, https:\/\/i0.wp.com\/gekupack.de\/wp-content\/uploads\/2022\/04\/Photo_1649925296404.jpg?resize=300%2C180&amp;ssl=1 300w, https:\/\/i0.wp.com\/gekupack.de\/wp-content\/uploads\/2022\/04\/Photo_1649925296404.jpg?resize=18%2C12&amp;ssl=1 18w\" sizes=\"(max-width: 500px) 100vw, 500px\">\t\t\t\t\t\t\t\t\t\t\t\t\t\t\t<\/div>\n\t\t\t\t<\/div>\n\t\t\t\t\t<\/div>\n\t\t<\/div>\n\t\t\t\t<div class=\"elementor-column elementor-col-50 elementor-top-column elementor-element elementor-element-7d1321ad\" data-id=\"7d1321ad\" data-element_type=\"column\" data-e-type=\"column\">\n\t\t\t<div class=\"elementor-widget-wrap elementor-element-populated\">\n\t\t\t\t\t\t<div class=\"elementor-element elementor-element-5fbee608 elementor-invisible elementor-widget elementor-widget-heading\" data-id=\"5fbee608\" data-element_type=\"widget\" data-e-type=\"widget\" data-settings=\"{&quot;_animation&quot;:&quot;fadeIn&quot;,&quot;_animation_delay&quot;:300}\" data-widget_type=\"heading.default\">\n\t\t\t\t<div class=\"elementor-widget-container\">\n\t\t\t\t\t<h2 class=\"elementor-heading-title elementor-size-default\">Fasteners &amp;&nbsp;more<\/h2>\t\t\t\t<\/div>\n\t\t\t\t<\/div>\n\t\t\t\t<div class=\"elementor-element elementor-element-5f829aba elementor-invisible elementor-widget elementor-widget-text-editor\" data-id=\"5f829aba\" data-element_type=\"widget\" data-e-type=\"widget\" data-settings=\"{&quot;_animation&quot;:&quot;fadeIn&quot;,&quot;_animation_delay&quot;:500}\" data-widget_type=\"text-editor.default\">\n\t\t\t\t<div class=\"elementor-widget-container\">\n\t\t\t\t\t\t\t\t\t<p>Apart from food and animal feed or seeds, we can of course also offer cus\u00adtomised solu\u00adtions for other non-food products. For example, we are able to provide machines for counting or dosing screws, nuts and similar bulk goods for the C\u2011part industry.<\/p>\t\t\t\t\t\t\t\t<\/div>\n\t\t\t\t<\/div>\n\t\t\t\t<div class=\"elementor-element elementor-element-54b0eb5c elementor-drop-cap-yes elementor-drop-cap-view-default elementor-invisible elementor-widget elementor-widget-text-editor\" data-id=\"54b0eb5c\" data-element_type=\"widget\" data-e-type=\"widget\" data-settings=\"{&quot;drop_cap&quot;:&quot;yes&quot;,&quot;_animation&quot;:&quot;fadeIn&quot;,&quot;_animation_delay&quot;:700}\" data-widget_type=\"text-editor.default\">\n\t\t\t\t<div class=\"elementor-widget-container\">\n\t\t\t\t\t\t\t\t\t<p>FLEX\u00adIB\u00adILITY<\/p>\t\t\t\t\t\t\t\t<\/div>\n\t\t\t\t<\/div>\n\t\t\t\t<div class=\"elementor-element elementor-element-7de74fb9 elementor-invisible elementor-widget elementor-widget-text-editor\" data-id=\"7de74fb9\" data-element_type=\"widget\" data-e-type=\"widget\" data-settings=\"{&quot;_animation&quot;:&quot;fadeIn&quot;,&quot;_animation_delay&quot;:800}\" data-widget_type=\"text-editor.default\">\n\t\t\t\t<div class=\"elementor-widget-container\">\n\t\t\t\t\t\t\t\t\t<p>Many cus\u00adtomers use their machines not only for a single type of product or a fixed pack\u00adaging size, but vary with their products, the pack\u00adaging units or bag sizes. It is therefore clear that the flex\u00adib\u00adility of the machines is of great importance in order not to disrupt an effi\u00adcient pack\u00adaging process with slow con\u00adfig\u00adur\u00adation interruptions.<\/p>\t\t\t\t\t\t\t\t<\/div>\n\t\t\t\t<\/div>\n\t\t\t\t\t<\/div>\n\t\t<\/div>\n\t\t\t\t\t<\/div>\n\t\t<\/section>\n\t\t\t\t<section class=\"elementor-section elementor-top-section elementor-element elementor-element-64c2b9c6 elementor-reverse-mobile elementor-section-boxed elementor-section-height-default elementor-section-height-default\" data-id=\"64c2b9c6\" data-element_type=\"section\" data-e-type=\"section\">\n\t\t\t\t\t\t<div class=\"elementor-container elementor-column-gap-default\">\n\t\t\t\t\t<div class=\"elementor-column elementor-col-50 elementor-top-column elementor-element elementor-element-7c126f64\" data-id=\"7c126f64\" data-element_type=\"column\" data-e-type=\"column\">\n\t\t\t<div class=\"elementor-widget-wrap elementor-element-populated\">\n\t\t\t\t\t\t<div class=\"elementor-element elementor-element-2f14562f elementor-invisible elementor-widget elementor-widget-heading\" data-id=\"2f14562f\" data-element_type=\"widget\" data-e-type=\"widget\" data-settings=\"{&quot;_animation&quot;:&quot;fadeIn&quot;}\" data-widget_type=\"heading.default\">\n\t\t\t\t<div class=\"elementor-widget-container\">\n\t\t\t\t\t<h2 class=\"elementor-heading-title elementor-size-default\">Not sure if our machines are com\u00adpatible with your product?<\/h2>\t\t\t\t<\/div>\n\t\t\t\t<\/div>\n\t\t\t\t<div class=\"elementor-element elementor-element-71ac558e elementor-invisible elementor-widget elementor-widget-text-editor\" data-id=\"71ac558e\" data-element_type=\"widget\" data-e-type=\"widget\" data-settings=\"{&quot;_animation&quot;:&quot;fadeIn&quot;,&quot;_animation_delay&quot;:500}\" data-widget_type=\"text-editor.default\">\n\t\t\t\t<div class=\"elementor-widget-container\">\n\t\t\t\t\t\t\t\t\t<p>The applic\u00adation areas of our solu\u00adtions are too diverse to be presented in their entirety. So if your product is not listed or you are not sure whether your ideas can be imple\u00admented, then contact us now without obligation.<\/p>\t\t\t\t\t\t\t\t<\/div>\n\t\t\t\t<\/div>\n\t\t\t\t<div class=\"elementor-element elementor-element-c87692b elementor-drop-cap-yes elementor-drop-cap-view-default elementor-invisible elementor-widget elementor-widget-text-editor\" data-id=\"c87692b\" data-element_type=\"widget\" data-e-type=\"widget\" data-settings=\"{&quot;drop_cap&quot;:&quot;yes&quot;,&quot;_animation&quot;:&quot;fadeIn&quot;,&quot;_animation_delay&quot;:750}\" data-widget_type=\"text-editor.default\">\n\t\t\t\t<div class=\"elementor-widget-container\">\n\t\t\t\t\t\t\t\t\t<p>GET IN&nbsp;TOUCH<\/p>\t\t\t\t\t\t\t\t<\/div>\n\t\t\t\t<\/div>\n\t\t\t\t<div class=\"elementor-element elementor-element-67a0b525 elementor-invisible elementor-widget elementor-widget-text-editor\" data-id=\"67a0b525\" data-element_type=\"widget\" data-e-type=\"widget\" data-settings=\"{&quot;_animation&quot;:&quot;fadeIn&quot;,&quot;_animation_delay&quot;:850}\" data-widget_type=\"text-editor.default\">\n\t\t\t\t<div class=\"elementor-widget-container\">\n\t\t\t\t\t\t\t\t\t<p>With well over 30 years of exper\u00adience in the field of pack\u00adaging tech\u00adnology and countless realised pro\u00adjects, we are con\u00adfident that we will also find the right solution for you. Simply contact us dir\u00adectly about your pack\u00adaging vision, we look forward to hearing from&nbsp;you!<\/p>\t\t\t\t\t\t\t\t<\/div>\n\t\t\t\t<\/div>\n\t\t\t\t\t<\/div>\n\t\t<\/div>\n\t\t\t\t<div class=\"elementor-column elementor-col-50 elementor-top-column elementor-element elementor-element-e225a22\" data-id=\"e225a22\" data-element_type=\"column\" data-e-type=\"column\">\n\t\t\t<div class=\"elementor-widget-wrap elementor-element-populated\">\n\t\t\t\t\t\t<div class=\"elementor-element elementor-element-6b4b635 elementor-widget elementor-widget-spacer\" data-id=\"6b4b635\" data-element_type=\"widget\" data-e-type=\"widget\" data-widget_type=\"spacer.default\">\n\t\t\t\t<div class=\"elementor-widget-container\">\n\t\t\t\t\t\t\t<div class=\"elementor-spacer\">\n\t\t\t<div class=\"elementor-spacer-inner\"><\/div>\n\t\t<\/div>\n\t\t\t\t\t\t<\/div>\n\t\t\t\t<\/div>\n\t\t\t\t<div class=\"elementor-element elementor-element-1fd0ae0a elementor-invisible elementor-widget elementor-widget-image\" data-id=\"1fd0ae0a\" data-element_type=\"widget\" data-e-type=\"widget\" data-settings=\"{&quot;_animation&quot;:&quot;fadeIn&quot;,&quot;_animation_delay&quot;:700}\" data-widget_type=\"image.default\">\n\t\t\t\t<div class=\"elementor-widget-container\">\n\t\t\t\t\t\t\t\t\t\t\t\t\t\t\t<img decoding=\"async\" width=\"500\" height=\"300\" src=\"https:\/\/i0.wp.com\/gekupack.de\/wp-content\/uploads\/2022\/04\/Ideenboard.jpg?fit=500%2C300&amp;ssl=1\" class=\"attachment-full size-full wp-image-2259\" alt=\"Ideaboard\" srcset=\"https:\/\/i0.wp.com\/gekupack.de\/wp-content\/uploads\/2022\/04\/Ideenboard.jpg?w=500&amp;ssl=1 500w, https:\/\/i0.wp.com\/gekupack.de\/wp-content\/uploads\/2022\/04\/Ideenboard.jpg?resize=300%2C180&amp;ssl=1 300w, https:\/\/i0.wp.com\/gekupack.de\/wp-content\/uploads\/2022\/04\/Ideenboard.jpg?resize=18%2C12&amp;ssl=1 18w\" sizes=\"(max-width: 500px) 100vw, 500px\">\t\t\t\t\t\t\t\t\t\t\t\t\t\t\t<\/div>\n\t\t\t\t<\/div>\n\t\t\t\t\t<\/div>\n\t\t<\/div>\n\t\t\t\t\t<\/div>\n\t\t<\/section>\n\t\t\t\t<section class=\"elementor-section elementor-top-section elementor-element elementor-element-360c45cc elementor-section-boxed elementor-section-height-default elementor-section-height-default\" data-id=\"360c45cc\" data-element_type=\"section\" data-e-type=\"section\">\n\t\t\t\t\t\t<div class=\"elementor-container elementor-column-gap-default\">\n\t\t\t\t\t<div class=\"elementor-column elementor-col-100 elementor-top-column elementor-element elementor-element-3264ee20\" data-id=\"3264ee20\" data-element_type=\"column\" data-e-type=\"column\">\n\t\t\t<div class=\"elementor-widget-wrap elementor-element-populated\">\n\t\t\t\t\t\t<div class=\"elementor-element elementor-element-9192fc9 elementor-widget elementor-widget-text-editor\" data-id=\"9192fc9\" data-element_type=\"widget\" data-e-type=\"widget\" data-widget_type=\"text-editor.default\">\n\t\t\t\t<div class=\"elementor-widget-container\">\n\t\t\t\t\t\t\t\t\t<p><\/p><div class=\"addtoany_shortcode\"><div class=\"a2a_kit a2a_kit_size_32 addtoany_list\" data-a2a-url=\"https:\/\/gekupack.de\/en\/branchen\/sonstiges\/\" data-a2a-title=\"Nonfood\"><a class=\"a2a_button_email\" href=\"https:\/\/www.addtoany.com\/add_to\/email?linkurl=https%3A%2F%2Fgekupack.de%2Fen%2Fbranchen%2Fsonstiges%2F&amp;linkname=Nonfood\" title=\"Email\" rel=\"nofollow noopener\" target=\"_blank\"><\/a><a class=\"a2a_button_whatsapp\" href=\"https:\/\/www.addtoany.com\/add_to\/whatsapp?linkurl=https%3A%2F%2Fgekupack.de%2Fen%2Fbranchen%2Fsonstiges%2F&amp;linkname=Nonfood\" title=\"WhatsApp\" rel=\"nofollow noopener\" target=\"_blank\"><\/a><a class=\"a2a_button_copy_link\" href=\"https:\/\/www.addtoany.com\/add_to\/copy_link?linkurl=https%3A%2F%2Fgekupack.de%2Fen%2Fbranchen%2Fsonstiges%2F&amp;linkname=Nonfood\" title=\"Copy Link\" rel=\"nofollow noopener\" target=\"_blank\"><\/a><a class=\"a2a_button_print\" href=\"https:\/\/www.addtoany.com\/add_to\/print?linkurl=https%3A%2F%2Fgekupack.de%2Fen%2Fbranchen%2Fsonstiges%2F&amp;linkname=Nonfood\" title=\"Print\" rel=\"nofollow noopener\" target=\"_blank\"><\/a><\/div><\/div>\t\t\t\t\t\t\t\t<\/div>\n\t\t\t\t<\/div>\n\t\t\t\t<div class=\"elementor-element elementor-element-2fa64a4 elementor-align-center elementor-widget elementor-widget-button\" data-id=\"2fa64a4\" data-element_type=\"widget\" data-e-type=\"widget\" data-widget_type=\"button.default\">\n\t\t\t\t<div class=\"elementor-widget-container\">\n\t\t\t\t\t\t\t\t\t<div class=\"elementor-button-wrapper\">\n\t\t\t\t\t<a class=\"elementor-button elementor-button-link elementor-size-sm elementor-animation-grow\" href=\"\/en\/kontakt\/\">\n\t\t\t\t\t\t<span class=\"elementor-button-content-wrapper\">\n\t\t\t\t\t\t\t\t\t<span class=\"elementor-button-text\">CONTACT FORM<\/span>\n\t\t\t\t\t<\/span>\n\t\t\t\t\t<\/a>\n\t\t\t\t<\/div>\n\t\t\t\t\t\t\t\t<\/div>\n\t\t\t\t<\/div>\n\t\t\t\t<div class=\"elementor-element elementor-element-2ad625f elementor-widget elementor-widget-image\" data-id=\"2ad625f\" data-element_type=\"widget\" data-e-type=\"widget\" data-widget_type=\"image.default\">\n\t\t\t\t<div class=\"elementor-widget-container\">\n\t\t\t\t\t\t\t\t\t\t\t\t\t\t\t<img decoding=\"async\" width=\"500\" height=\"300\" src=\"https:\/\/i0.wp.com\/gekupack.de\/wp-content\/uploads\/2022\/04\/Fischoelkapseln-1.jpg?fit=500%2C300&amp;ssl=1\" class=\"attachment-large size-large wp-image-2260\" alt=\"Verpackungsanlage Kapseln Gekupack\" srcset=\"https:\/\/i0.wp.com\/gekupack.de\/wp-content\/uploads\/2022\/04\/Fischoelkapseln-1.jpg?w=500&amp;ssl=1 500w, https:\/\/i0.wp.com\/gekupack.de\/wp-content\/uploads\/2022\/04\/Fischoelkapseln-1.jpg?resize=300%2C180&amp;ssl=1 300w, https:\/\/i0.wp.com\/gekupack.de\/wp-content\/uploads\/2022\/04\/Fischoelkapseln-1.jpg?resize=18%2C12&amp;ssl=1 18w\" sizes=\"(max-width: 500px) 100vw, 500px\">\t\t\t\t\t\t\t\t\t\t\t\t\t\t\t<\/div>\n\t\t\t\t<\/div>\n\t\t\t\t\t<\/div>\n\t\t<\/div>\n\t\t\t\t\t<\/div>\n\t\t<\/section>\n\t\t\t\t<\/div>","protected":false},"excerpt":{"rendered":"<p>Dosier- &amp; Ver\u00adpack\u00adungsl\u00f6sungen f\u00fcr die Food- &amp; Nonfood-Industrie: Pulver, Granulat, unre\u00adgel\u00adm\u00e4\u00dfig geformte St\u00fccke, feuchte &amp; tiefge\u00adfrorene Produkte<\/p>","protected":false},"author":1,"featured_media":2255,"parent":22,"menu_order":0,"comment_status":"closed","ping_status":"closed","template":"","meta":{"wp_typography_post_enhancements_disabled":false,"footnotes":""},"class_list":["post-2254","page","type-page","status-publish","has-post-thumbnail","hentry"],"yoast_head":"<!-- This site is optimized with the Yoast SEO plugin v27.3 - https:\/\/yoast.com\/product\/yoast-seo-wordpress\/ -->\n<title>Verpackungsl\u00f6sungen f\u00fcr Ihren Anwendungsbereich von Gekupack\u00ae<\/title>\n<meta name=\"description\" content=\"Dosier- &amp; Verpackungsl\u00f6sungen f\u00fcr die Food- &amp; Nonfood-Industrie: Pulver, Granulat, unregelm\u00e4\u00dfig geformte St\u00fccke, feuchte &amp; tiefgefrorene Produkte\" \/>\n<meta name=\"robots\" content=\"index, follow, max-snippet:-1, max-image-preview:large, max-video-preview:-1\" \/>\n<link rel=\"canonical\" href=\"https:\/\/gekupack.de\/en\/branchen\/sonstiges\/\" \/>\n<meta property=\"og:locale\" content=\"en_GB\" \/>\n<meta property=\"og:type\" content=\"article\" \/>\n<meta property=\"og:title\" content=\"Verpackungsl\u00f6sungen f\u00fcr Ihren Anwendungsbereich von Gekupack\u00ae\" \/>\n<meta property=\"og:description\" content=\"Dosier- &amp; Verpackungsl\u00f6sungen f\u00fcr die Food- &amp; Nonfood-Industrie: Pulver, Granulat, unregelm\u00e4\u00dfig geformte St\u00fccke, feuchte &amp; tiefgefrorene Produkte\" \/>\n<meta property=\"og:url\" content=\"https:\/\/gekupack.de\/en\/branchen\/sonstiges\/\" \/>\n<meta property=\"og:site_name\" content=\"GK Industries GmbH\" \/>\n<meta property=\"article:publisher\" content=\"https:\/\/www.facebook.com\/gekupack\/\" \/>\n<meta property=\"article:modified_time\" content=\"2022-06-17T11:09:56+00:00\" \/>\n<meta property=\"og:image\" content=\"https:\/\/gekupack.de\/wp-content\/uploads\/2022\/04\/1117695257-1.jpg\" \/>\n\t<meta property=\"og:image:width\" content=\"750\" \/>\n\t<meta property=\"og:image:height\" content=\"250\" \/>\n\t<meta property=\"og:image:type\" content=\"image\/jpeg\" \/>\n<meta name=\"twitter:card\" content=\"summary_large_image\" \/>\n<meta name=\"twitter:label1\" content=\"Estimated reading time\" \/>\n\t<meta name=\"twitter:data1\" content=\"2 minutes\" \/>\n<script type=\"application\/ld+json\" class=\"yoast-schema-graph\">{\"@context\":\"https:\\\/\\\/schema.org\",\"@graph\":[{\"@type\":\"WebPage\",\"@id\":\"https:\\\/\\\/gekupack.de\\\/branchen\\\/sonstiges\\\/\",\"url\":\"https:\\\/\\\/gekupack.de\\\/branchen\\\/sonstiges\\\/\",\"name\":\"Verpackungsl\u00f6sungen f\u00fcr Ihren Anwendungsbereich von Gekupack\u00ae\",\"isPartOf\":{\"@id\":\"https:\\\/\\\/gekupack.de\\\/#website\"},\"primaryImageOfPage\":{\"@id\":\"https:\\\/\\\/gekupack.de\\\/branchen\\\/sonstiges\\\/#primaryimage\"},\"image\":{\"@id\":\"https:\\\/\\\/gekupack.de\\\/branchen\\\/sonstiges\\\/#primaryimage\"},\"thumbnailUrl\":\"https:\\\/\\\/i0.wp.com\\\/gekupack.de\\\/wp-content\\\/uploads\\\/2022\\\/04\\\/1117695257-1.jpg?fit=750%2C250&ssl=1\",\"datePublished\":\"2022-04-14T08:57:49+00:00\",\"dateModified\":\"2022-06-17T11:09:56+00:00\",\"description\":\"Dosier- & Verpackungsl\u00f6sungen f\u00fcr die Food- & Nonfood-Industrie: Pulver, Granulat, unregelm\u00e4\u00dfig geformte St\u00fccke, feuchte & tiefgefrorene Produkte\",\"breadcrumb\":{\"@id\":\"https:\\\/\\\/gekupack.de\\\/branchen\\\/sonstiges\\\/#breadcrumb\"},\"inLanguage\":\"en-GB\",\"potentialAction\":[{\"@type\":\"ReadAction\",\"target\":[\"https:\\\/\\\/gekupack.de\\\/branchen\\\/sonstiges\\\/\"]}]},{\"@type\":\"ImageObject\",\"inLanguage\":\"en-GB\",\"@id\":\"https:\\\/\\\/gekupack.de\\\/branchen\\\/sonstiges\\\/#primaryimage\",\"url\":\"https:\\\/\\\/i0.wp.com\\\/gekupack.de\\\/wp-content\\\/uploads\\\/2022\\\/04\\\/1117695257-1.jpg?fit=750%2C250&ssl=1\",\"contentUrl\":\"https:\\\/\\\/i0.wp.com\\\/gekupack.de\\\/wp-content\\\/uploads\\\/2022\\\/04\\\/1117695257-1.jpg?fit=750%2C250&ssl=1\",\"width\":750,\"height\":250,\"caption\":\"Tobacco,Dry,Leaf,And,Tobacco,Green,Leaf,On,Tobacco,Dry\"},{\"@type\":\"BreadcrumbList\",\"@id\":\"https:\\\/\\\/gekupack.de\\\/branchen\\\/sonstiges\\\/#breadcrumb\",\"itemListElement\":[{\"@type\":\"ListItem\",\"position\":1,\"name\":\"Startseite\",\"item\":\"https:\\\/\\\/gekupack.de\\\/\"},{\"@type\":\"ListItem\",\"position\":2,\"name\":\"Branchenl\u00f6sungen\",\"item\":\"https:\\\/\\\/gekupack.de\\\/branchen\\\/\"},{\"@type\":\"ListItem\",\"position\":3,\"name\":\"Nonfood\"}]},{\"@type\":\"WebSite\",\"@id\":\"https:\\\/\\\/gekupack.de\\\/#website\",\"url\":\"https:\\\/\\\/gekupack.de\\\/\",\"name\":\"GK Industries GmbH\",\"description\":\"Wir sind Ihr Ansprechpartner, wenn es um L\u00f6sungen im Bereich der Verpackungstechnik geht - von einzelnen Maschinen bis hin zu komplexen Produktionslinien und vollst\u00e4ndigen Anlagen.\",\"publisher\":{\"@id\":\"https:\\\/\\\/gekupack.de\\\/#organization\"},\"potentialAction\":[{\"@type\":\"SearchAction\",\"target\":{\"@type\":\"EntryPoint\",\"urlTemplate\":\"https:\\\/\\\/gekupack.de\\\/?s={search_term_string}\"},\"query-input\":{\"@type\":\"PropertyValueSpecification\",\"valueRequired\":true,\"valueName\":\"search_term_string\"}}],\"inLanguage\":\"en-GB\"},{\"@type\":\"Organization\",\"@id\":\"https:\\\/\\\/gekupack.de\\\/#organization\",\"name\":\"GK Industries GmbH\",\"url\":\"https:\\\/\\\/gekupack.de\\\/\",\"logo\":{\"@type\":\"ImageObject\",\"inLanguage\":\"en-GB\",\"@id\":\"https:\\\/\\\/gekupack.de\\\/#\\\/schema\\\/logo\\\/image\\\/\",\"url\":\"https:\\\/\\\/i0.wp.com\\\/gekupack.de\\\/wp-content\\\/uploads\\\/2022\\\/04\\\/GKI_Logo_komprimiert.png?fit=1146%2C545&ssl=1\",\"contentUrl\":\"https:\\\/\\\/i0.wp.com\\\/gekupack.de\\\/wp-content\\\/uploads\\\/2022\\\/04\\\/GKI_Logo_komprimiert.png?fit=1146%2C545&ssl=1\",\"width\":1146,\"height\":545,\"caption\":\"GK Industries GmbH\"},\"image\":{\"@id\":\"https:\\\/\\\/gekupack.de\\\/#\\\/schema\\\/logo\\\/image\\\/\"},\"sameAs\":[\"https:\\\/\\\/www.facebook.com\\\/gekupack\\\/\"]}]}<\/script>\n<!-- \/ Yoast SEO plugin. -->","yoast_head_json":{"title":"Ver\u00adpack\u00adungsl\u00f6sungen f\u00fcr Ihren Anwendungs\u00adbereich von Gekupack\u00ae","description":"Dosier- &amp; Ver\u00adpack\u00adungsl\u00f6sungen f\u00fcr die Food- &amp; Nonfood-Industrie: Pulver, Granulat, unre\u00adgel\u00adm\u00e4\u00dfig geformte St\u00fccke, feuchte &amp; tiefge\u00adfrorene Produkte","robots":{"index":"index","follow":"follow","max-snippet":"max-snippet:-1","max-image-preview":"max-image-preview:large","max-video-preview":"max-video-preview:-1"},"canonical":"https:\/\/gekupack.de\/en\/branchen\/sonstiges\/","og_locale":"en_GB","og_type":"article","og_title":"Verpackungsl\u00f6sungen f\u00fcr Ihren Anwendungsbereich von Gekupack\u00ae","og_description":"Dosier- & Verpackungsl\u00f6sungen f\u00fcr die Food- & Nonfood-Industrie: Pulver, Granulat, unregelm\u00e4\u00dfig geformte St\u00fccke, feuchte & tiefgefrorene Produkte","og_url":"https:\/\/gekupack.de\/en\/branchen\/sonstiges\/","og_site_name":"GK Industries GmbH","article_publisher":"https:\/\/www.facebook.com\/gekupack\/","article_modified_time":"2022-06-17T11:09:56+00:00","og_image":[{"width":750,"height":250,"url":"https:\/\/gekupack.de\/wp-content\/uploads\/2022\/04\/1117695257-1.jpg","type":"image\/jpeg"}],"twitter_card":"summary_large_image","twitter_misc":{"Estimated reading time":"2 minutes"},"schema":{"@context":"https:\/\/schema.org","@graph":[{"@type":"WebPage","@id":"https:\/\/gekupack.de\/branchen\/sonstiges\/","url":"https:\/\/gekupack.de\/branchen\/sonstiges\/","name":"Ver\u00adpack\u00adungsl\u00f6sungen f\u00fcr Ihren Anwendungs\u00adbereich von Gekupack\u00ae","isPartOf":{"@id":"https:\/\/gekupack.de\/#website"},"primaryImageOfPage":{"@id":"https:\/\/gekupack.de\/branchen\/sonstiges\/#primaryimage"},"image":{"@id":"https:\/\/gekupack.de\/branchen\/sonstiges\/#primaryimage"},"thumbnailUrl":"https:\/\/i0.wp.com\/gekupack.de\/wp-content\/uploads\/2022\/04\/1117695257-1.jpg?fit=750%2C250&ssl=1","datePublished":"2022-04-14T08:57:49+00:00","dateModified":"2022-06-17T11:09:56+00:00","description":"Dosier- &amp; Ver\u00adpack\u00adungsl\u00f6sungen f\u00fcr die Food- &amp; Nonfood-Industrie: Pulver, Granulat, unre\u00adgel\u00adm\u00e4\u00dfig geformte St\u00fccke, feuchte &amp; tiefge\u00adfrorene Produkte","breadcrumb":{"@id":"https:\/\/gekupack.de\/branchen\/sonstiges\/#breadcrumb"},"inLanguage":"en-GB","potentialAction":[{"@type":"ReadAction","target":["https:\/\/gekupack.de\/branchen\/sonstiges\/"]}]},{"@type":"ImageObject","inLanguage":"en-GB","@id":"https:\/\/gekupack.de\/branchen\/sonstiges\/#primaryimage","url":"https:\/\/i0.wp.com\/gekupack.de\/wp-content\/uploads\/2022\/04\/1117695257-1.jpg?fit=750%2C250&ssl=1","contentUrl":"https:\/\/i0.wp.com\/gekupack.de\/wp-content\/uploads\/2022\/04\/1117695257-1.jpg?fit=750%2C250&ssl=1","width":750,"height":250,"caption":"Tobacco,Dry,Leaf,And,Tobacco,Green,Leaf,On,Tobacco,Dry"},{"@type":"BreadcrumbList","@id":"https:\/\/gekupack.de\/branchen\/sonstiges\/#breadcrumb","itemListElement":[{"@type":"ListItem","position":1,"name":"Startseite","item":"https:\/\/gekupack.de\/"},{"@type":"ListItem","position":2,"name":"Branchenl\u00f6sungen","item":"https:\/\/gekupack.de\/branchen\/"},{"@type":"ListItem","position":3,"name":"Nonfood"}]},{"@type":"WebSite","@id":"https:\/\/gekupack.de\/#website","url":"https:\/\/gekupack.de\/","name":"GK Indus\u00adtries&nbsp;GmbH","description":"Wir sind Ihr Ans\u00adprech\u00adpartner, wenn es um L\u00f6sungen im Bereich der Ver\u00adpack\u00adung\u00ads\u00adtechnik geht \u2014 von ein\u00adzelnen Maschinen bis hin zu kom\u00adplexen Produk\u00adtionslinien und voll\u00adst\u00e4ndigen Anlagen.","publisher":{"@id":"https:\/\/gekupack.de\/#organization"},"potentialAction":[{"@type":"SearchAction","target":{"@type":"EntryPoint","urlTemplate":"https:\/\/gekupack.de\/?s={search_term_string}"},"query-input":{"@type":"PropertyValueSpecification","valueRequired":true,"valueName":"search_term_string"}}],"inLanguage":"en-GB"},{"@type":"Organization","@id":"https:\/\/gekupack.de\/#organization","name":"GK Indus\u00adtries&nbsp;GmbH","url":"https:\/\/gekupack.de\/","logo":{"@type":"ImageObject","inLanguage":"en-GB","@id":"https:\/\/gekupack.de\/#\/schema\/logo\/image\/","url":"https:\/\/i0.wp.com\/gekupack.de\/wp-content\/uploads\/2022\/04\/GKI_Logo_komprimiert.png?fit=1146%2C545&ssl=1","contentUrl":"https:\/\/i0.wp.com\/gekupack.de\/wp-content\/uploads\/2022\/04\/GKI_Logo_komprimiert.png?fit=1146%2C545&ssl=1","width":1146,"height":545,"caption":"GK Industries GmbH"},"image":{"@id":"https:\/\/gekupack.de\/#\/schema\/logo\/image\/"},"sameAs":["https:\/\/www.facebook.com\/gekupack\/"]}]}},"jetpack_sharing_enabled":true,"_links":{"self":[{"href":"https:\/\/gekupack.de\/en\/wp-json\/wp\/v2\/pages\/2254","targetHints":{"allow":["GET"]}}],"collection":[{"href":"https:\/\/gekupack.de\/en\/wp-json\/wp\/v2\/pages"}],"about":[{"href":"https:\/\/gekupack.de\/en\/wp-json\/wp\/v2\/types\/page"}],"author":[{"embeddable":true,"href":"https:\/\/gekupack.de\/en\/wp-json\/wp\/v2\/users\/1"}],"replies":[{"embeddable":true,"href":"https:\/\/gekupack.de\/en\/wp-json\/wp\/v2\/comments?post=2254"}],"version-history":[{"count":34,"href":"https:\/\/gekupack.de\/en\/wp-json\/wp\/v2\/pages\/2254\/revisions"}],"predecessor-version":[{"id":5083,"href":"https:\/\/gekupack.de\/en\/wp-json\/wp\/v2\/pages\/2254\/revisions\/5083"}],"up":[{"embeddable":true,"href":"https:\/\/gekupack.de\/en\/wp-json\/wp\/v2\/pages\/22"}],"wp:featuredmedia":[{"embeddable":true,"href":"https:\/\/gekupack.de\/en\/wp-json\/wp\/v2\/media\/2255"}],"wp:attachment":[{"href":"https:\/\/gekupack.de\/en\/wp-json\/wp\/v2\/media?parent=2254"}],"curies":[{"name":"wp","href":"https:\/\/api.w.org\/{rel}","templated":true}]}}