{"id":23,"date":"2016-02-12T08:12:49","date_gmt":"2016-02-12T08:12:49","guid":{"rendered":"http:\/\/demos.famethemes.com\/onepress\/?page_id=23"},"modified":"2022-05-12T11:38:36","modified_gmt":"2022-05-12T09:38:36","slug":"service","status":"publish","type":"page","link":"https:\/\/gekupack.de\/en\/service\/","title":{"rendered":"Main\u00adtenance &amp; Expansion"},"content":{"rendered":"<p>On request, we carry out regular main\u00adtenance and ser\u00advicing of our machines and systems for you to ensure smooth pro\u00adduction in the long term. If you want to mod\u00adernise your pro\u00adduction, we also carry out con\u00adver\u00adsions and upgrades to increase the per\u00adformance of your equipment.<\/p>\n\n\n<p><\/p>","protected":false},"excerpt":{"rendered":"<p>Wir f\u00fchren auf Wunsch regel\u00adm\u00e4\u00dfig War\u00adtungen und bei Bedarf Instand\u00adhal\u00adtungen an unseren Maschinen und Anlagen f\u00fcr Sie durch, um Ihnen dauerhaft eine reibungslose Produktion zu erm\u00f6g\u00adlichen. Dazu geh\u00f6ren zudem Umbauten und Upgrades zur Leis\u00adtungssteigerung ihrer Anlagen.<\/p>","protected":false},"author":1,"featured_media":0,"parent":0,"menu_order":0,"comment_status":"closed","ping_status":"closed","template":"","meta":{"wp_typography_post_enhancements_disabled":false,"footnotes":""},"class_list":["post-23","page","type-page","status-publish","hentry"],"yoast_head":"<!-- This site is optimized with the Yoast SEO plugin v27.5 - https:\/\/yoast.com\/product\/yoast-seo-wordpress\/ -->\n<title>Serviceeins\u00e4tze und Erweiterungen | GK Industries GmbH<\/title>\n<meta name=\"robots\" content=\"noindex, follow\" \/>\n<meta property=\"og:locale\" content=\"en_GB\" \/>\n<meta property=\"og:type\" content=\"article\" \/>\n<meta property=\"og:title\" content=\"Serviceeins\u00e4tze und Erweiterungen | GK Industries GmbH\" \/>\n<meta property=\"og:description\" content=\"Wir f\u00fchren auf Wunsch regelm\u00e4\u00dfig Wartungen und bei Bedarf Instandhaltungen an unseren Maschinen und Anlagen f\u00fcr Sie durch, um Ihnen dauerhaft eine reibungslose Produktion zu erm\u00f6glichen. Dazu geh\u00f6ren zudem Umbauten und Upgrades zur Leistungssteigerung ihrer Anlagen.\" \/>\n<meta property=\"og:url\" content=\"https:\/\/gekupack.de\/en\/service\/\" \/>\n<meta property=\"og:site_name\" content=\"GK Industries GmbH\" \/>\n<meta property=\"article:publisher\" content=\"https:\/\/www.facebook.com\/gekupack\/\" \/>\n<meta property=\"article:modified_time\" content=\"2022-05-12T09:38:36+00:00\" \/>\n<meta name=\"twitter:card\" content=\"summary_large_image\" \/>\n<meta name=\"twitter:label1\" content=\"Estimated reading time\" \/>\n\t<meta name=\"twitter:data1\" content=\"1 minute\" \/>\n<script type=\"application\/ld+json\" class=\"yoast-schema-graph\">{\"@context\":\"https:\\\/\\\/schema.org\",\"@graph\":[{\"@type\":\"WebPage\",\"@id\":\"https:\\\/\\\/gekupack.de\\\/service\\\/\",\"url\":\"https:\\\/\\\/gekupack.de\\\/service\\\/\",\"name\":\"Serviceeins\u00e4tze und Erweiterungen | GK Industries GmbH\",\"isPartOf\":{\"@id\":\"https:\\\/\\\/gekupack.de\\\/#website\"},\"datePublished\":\"2016-02-12T08:12:49+00:00\",\"dateModified\":\"2022-05-12T09:38:36+00:00\",\"breadcrumb\":{\"@id\":\"https:\\\/\\\/gekupack.de\\\/service\\\/#breadcrumb\"},\"inLanguage\":\"en-GB\",\"potentialAction\":[{\"@type\":\"ReadAction\",\"target\":[\"https:\\\/\\\/gekupack.de\\\/service\\\/\"]}]},{\"@type\":\"BreadcrumbList\",\"@id\":\"https:\\\/\\\/gekupack.de\\\/service\\\/#breadcrumb\",\"itemListElement\":[{\"@type\":\"ListItem\",\"position\":1,\"name\":\"Startseite\",\"item\":\"https:\\\/\\\/gekupack.de\\\/\"},{\"@type\":\"ListItem\",\"position\":2,\"name\":\"Serviceeins\u00e4tze und Erweiterungen\"}]},{\"@type\":\"WebSite\",\"@id\":\"https:\\\/\\\/gekupack.de\\\/#website\",\"url\":\"https:\\\/\\\/gekupack.de\\\/\",\"name\":\"GK Industries GmbH\",\"description\":\"Wir sind Ihr Ansprechpartner, wenn es um L\u00f6sungen im Bereich der Verpackungstechnik geht - von einzelnen Maschinen bis hin zu komplexen Produktionslinien und vollst\u00e4ndigen Anlagen.\",\"publisher\":{\"@id\":\"https:\\\/\\\/gekupack.de\\\/#organization\"},\"potentialAction\":[{\"@type\":\"SearchAction\",\"target\":{\"@type\":\"EntryPoint\",\"urlTemplate\":\"https:\\\/\\\/gekupack.de\\\/?s={search_term_string}\"},\"query-input\":{\"@type\":\"PropertyValueSpecification\",\"valueRequired\":true,\"valueName\":\"search_term_string\"}}],\"inLanguage\":\"en-GB\"},{\"@type\":\"Organization\",\"@id\":\"https:\\\/\\\/gekupack.de\\\/#organization\",\"name\":\"GK Industries GmbH\",\"url\":\"https:\\\/\\\/gekupack.de\\\/\",\"logo\":{\"@type\":\"ImageObject\",\"inLanguage\":\"en-GB\",\"@id\":\"https:\\\/\\\/gekupack.de\\\/#\\\/schema\\\/logo\\\/image\\\/\",\"url\":\"https:\\\/\\\/i0.wp.com\\\/gekupack.de\\\/wp-content\\\/uploads\\\/2022\\\/04\\\/GKI_Logo_komprimiert.png?fit=1146%2C545&ssl=1\",\"contentUrl\":\"https:\\\/\\\/i0.wp.com\\\/gekupack.de\\\/wp-content\\\/uploads\\\/2022\\\/04\\\/GKI_Logo_komprimiert.png?fit=1146%2C545&ssl=1\",\"width\":1146,\"height\":545,\"caption\":\"GK Industries GmbH\"},\"image\":{\"@id\":\"https:\\\/\\\/gekupack.de\\\/#\\\/schema\\\/logo\\\/image\\\/\"},\"sameAs\":[\"https:\\\/\\\/www.facebook.com\\\/gekupack\\\/\"]}]}<\/script>\n<!-- \/ Yoast SEO plugin. -->","yoast_head_json":{"title":"Ser\u00advicee\u00adin\u00ads\u00e4tze und Erweit\u00ader\u00adungen | GK Indus\u00adtries&nbsp;GmbH","robots":{"index":"noindex","follow":"follow"},"og_locale":"en_GB","og_type":"article","og_title":"Serviceeins\u00e4tze und Erweiterungen | GK Industries GmbH","og_description":"Wir f\u00fchren auf Wunsch regelm\u00e4\u00dfig Wartungen und bei Bedarf Instandhaltungen an unseren Maschinen und Anlagen f\u00fcr Sie durch, um Ihnen dauerhaft eine reibungslose Produktion zu erm\u00f6glichen. Dazu geh\u00f6ren zudem Umbauten und Upgrades zur Leistungssteigerung ihrer Anlagen.","og_url":"https:\/\/gekupack.de\/en\/service\/","og_site_name":"GK Industries GmbH","article_publisher":"https:\/\/www.facebook.com\/gekupack\/","article_modified_time":"2022-05-12T09:38:36+00:00","twitter_card":"summary_large_image","twitter_misc":{"Estimated reading time":"1 minute"},"schema":{"@context":"https:\/\/schema.org","@graph":[{"@type":"WebPage","@id":"https:\/\/gekupack.de\/service\/","url":"https:\/\/gekupack.de\/service\/","name":"Ser\u00advicee\u00adin\u00ads\u00e4tze und Erweit\u00ader\u00adungen | GK Indus\u00adtries&nbsp;GmbH","isPartOf":{"@id":"https:\/\/gekupack.de\/#website"},"datePublished":"2016-02-12T08:12:49+00:00","dateModified":"2022-05-12T09:38:36+00:00","breadcrumb":{"@id":"https:\/\/gekupack.de\/service\/#breadcrumb"},"inLanguage":"en-GB","potentialAction":[{"@type":"ReadAction","target":["https:\/\/gekupack.de\/service\/"]}]},{"@type":"BreadcrumbList","@id":"https:\/\/gekupack.de\/service\/#breadcrumb","itemListElement":[{"@type":"ListItem","position":1,"name":"Startseite","item":"https:\/\/gekupack.de\/"},{"@type":"ListItem","position":2,"name":"Serviceeins\u00e4tze und Erweiterungen"}]},{"@type":"WebSite","@id":"https:\/\/gekupack.de\/#website","url":"https:\/\/gekupack.de\/","name":"GK Indus\u00adtries&nbsp;GmbH","description":"Wir sind Ihr Ans\u00adprech\u00adpartner, wenn es um L\u00f6sungen im Bereich der Ver\u00adpack\u00adung\u00ads\u00adtechnik geht \u2014 von ein\u00adzelnen Maschinen bis hin zu kom\u00adplexen Produk\u00adtionslinien und voll\u00adst\u00e4ndigen Anlagen.","publisher":{"@id":"https:\/\/gekupack.de\/#organization"},"potentialAction":[{"@type":"SearchAction","target":{"@type":"EntryPoint","urlTemplate":"https:\/\/gekupack.de\/?s={search_term_string}"},"query-input":{"@type":"PropertyValueSpecification","valueRequired":true,"valueName":"search_term_string"}}],"inLanguage":"en-GB"},{"@type":"Organization","@id":"https:\/\/gekupack.de\/#organization","name":"GK Indus\u00adtries&nbsp;GmbH","url":"https:\/\/gekupack.de\/","logo":{"@type":"ImageObject","inLanguage":"en-GB","@id":"https:\/\/gekupack.de\/#\/schema\/logo\/image\/","url":"https:\/\/i0.wp.com\/gekupack.de\/wp-content\/uploads\/2022\/04\/GKI_Logo_komprimiert.png?fit=1146%2C545&ssl=1","contentUrl":"https:\/\/i0.wp.com\/gekupack.de\/wp-content\/uploads\/2022\/04\/GKI_Logo_komprimiert.png?fit=1146%2C545&ssl=1","width":1146,"height":545,"caption":"GK Industries GmbH"},"image":{"@id":"https:\/\/gekupack.de\/#\/schema\/logo\/image\/"},"sameAs":["https:\/\/www.facebook.com\/gekupack\/"]}]}},"jetpack_sharing_enabled":true,"_links":{"self":[{"href":"https:\/\/gekupack.de\/en\/wp-json\/wp\/v2\/pages\/23","targetHints":{"allow":["GET"]}}],"collection":[{"href":"https:\/\/gekupack.de\/en\/wp-json\/wp\/v2\/pages"}],"about":[{"href":"https:\/\/gekupack.de\/en\/wp-json\/wp\/v2\/types\/page"}],"author":[{"embeddable":true,"href":"https:\/\/gekupack.de\/en\/wp-json\/wp\/v2\/users\/1"}],"replies":[{"embeddable":true,"href":"https:\/\/gekupack.de\/en\/wp-json\/wp\/v2\/comments?post=23"}],"version-history":[{"count":6,"href":"https:\/\/gekupack.de\/en\/wp-json\/wp\/v2\/pages\/23\/revisions"}],"predecessor-version":[{"id":2459,"href":"https:\/\/gekupack.de\/en\/wp-json\/wp\/v2\/pages\/23\/revisions\/2459"}],"wp:attachment":[{"href":"https:\/\/gekupack.de\/en\/wp-json\/wp\/v2\/media?parent=23"}],"curies":[{"name":"wp","href":"https:\/\/api.w.org\/{rel}","templated":true}]}}