{"id":4212,"date":"2022-05-03T10:42:26","date_gmt":"2022-05-03T08:42:26","guid":{"rendered":"https:\/\/wp.gekupack.de\/?page_id=4212"},"modified":"2025-10-22T11:10:40","modified_gmt":"2025-10-22T09:10:40","slug":"halbautomatischer-doppelclipper","status":"publish","type":"page","link":"https:\/\/gekupack.de\/en\/unsere-loesungen\/maschinen\/netzschweissmaschinen\/halbautomatischer-doppelclipper\/","title":{"rendered":"Semi Auto\u00admatic Double Clipper"},"content":{"rendered":"<div data-elementor-type=\"wp-page\" data-elementor-id=\"4212\" class=\"elementor elementor-4212\">\n\t\t\t\t\t\t<section class=\"elementor-section elementor-top-section elementor-element elementor-element-3f2a048f elementor-reverse-mobile elementor-section-boxed elementor-section-height-default elementor-section-height-default\" data-id=\"3f2a048f\" data-element_type=\"section\" data-e-type=\"section\">\n\t\t\t\t\t\t<div class=\"elementor-container elementor-column-gap-default\">\n\t\t\t\t\t<div class=\"elementor-column elementor-col-50 elementor-top-column elementor-element elementor-element-3de6bac3\" data-id=\"3de6bac3\" data-element_type=\"column\" data-e-type=\"column\">\n\t\t\t<div class=\"elementor-widget-wrap elementor-element-populated\">\n\t\t\t\t\t\t<div class=\"elementor-element elementor-element-368c53a elementor-widget elementor-widget-heading\" data-id=\"368c53a\" data-element_type=\"widget\" data-e-type=\"widget\" data-widget_type=\"heading.default\">\n\t\t\t\t<div class=\"elementor-widget-container\">\n\t\t\t\t\t<h2 class=\"elementor-heading-title elementor-size-default\">Semi Auto\u00admatic Net Clipping Machine GKV&nbsp;2207<\/h2>\t\t\t\t<\/div>\n\t\t\t\t<\/div>\n\t\t\t\t<div class=\"elementor-element elementor-element-3aae665 elementor-widget elementor-widget-text-editor\" data-id=\"3aae665\" data-element_type=\"widget\" data-e-type=\"widget\" data-widget_type=\"text-editor.default\">\n\t\t\t\t<div class=\"elementor-widget-container\">\n\t\t\t\t\t\t\t\t\t<p><\/p><div class=\"addtoany_shortcode\"><div class=\"a2a_kit a2a_kit_size_32 addtoany_list\" data-a2a-url=\"https:\/\/gekupack.de\/en\/unsere-loesungen\/maschinen\/netzschweissmaschinen\/halbautomatischer-doppelclipper\/\" data-a2a-title=\"Halbautomatischer Doppelclipper\"><a class=\"a2a_button_email\" href=\"https:\/\/www.addtoany.com\/add_to\/email?linkurl=https%3A%2F%2Fgekupack.de%2Fen%2Funsere-loesungen%2Fmaschinen%2Fnetzschweissmaschinen%2Fhalbautomatischer-doppelclipper%2F&amp;linkname=Halbautomatischer%20Doppelclipper\" title=\"Email\" rel=\"nofollow noopener\" target=\"_blank\"><\/a><a class=\"a2a_button_whatsapp\" href=\"https:\/\/www.addtoany.com\/add_to\/whatsapp?linkurl=https%3A%2F%2Fgekupack.de%2Fen%2Funsere-loesungen%2Fmaschinen%2Fnetzschweissmaschinen%2Fhalbautomatischer-doppelclipper%2F&amp;linkname=Halbautomatischer%20Doppelclipper\" title=\"WhatsApp\" rel=\"nofollow noopener\" target=\"_blank\"><\/a><a class=\"a2a_button_copy_link\" href=\"https:\/\/www.addtoany.com\/add_to\/copy_link?linkurl=https%3A%2F%2Fgekupack.de%2Fen%2Funsere-loesungen%2Fmaschinen%2Fnetzschweissmaschinen%2Fhalbautomatischer-doppelclipper%2F&amp;linkname=Halbautomatischer%20Doppelclipper\" title=\"Copy Link\" rel=\"nofollow noopener\" target=\"_blank\"><\/a><a class=\"a2a_button_print\" href=\"https:\/\/www.addtoany.com\/add_to\/print?linkurl=https%3A%2F%2Fgekupack.de%2Fen%2Funsere-loesungen%2Fmaschinen%2Fnetzschweissmaschinen%2Fhalbautomatischer-doppelclipper%2F&amp;linkname=Halbautomatischer%20Doppelclipper\" title=\"Print\" rel=\"nofollow noopener\" target=\"_blank\"><\/a><\/div><\/div>\t\t\t\t\t\t\t\t<\/div>\n\t\t\t\t<\/div>\n\t\t\t\t<div class=\"elementor-element elementor-element-c60560a elementor-widget elementor-widget-text-editor\" data-id=\"c60560a\" data-element_type=\"widget\" data-e-type=\"widget\" data-widget_type=\"text-editor.default\">\n\t\t\t\t<div class=\"elementor-widget-container\">\n\t\t\t\t\t\t\t\t\t<p>The GKV 2207 is one of the first machines in the Gekupack\u00ae port\u00adfolio and has proven itself thou\u00adsands of times over. The semi-auto\u00admatic double clipper is a hand-held device for pack\u00adaging various products in nets or film tubes with wire&nbsp;clips.<\/p>\t\t\t\t\t\t\t\t<\/div>\n\t\t\t\t<\/div>\n\t\t\t\t<div class=\"elementor-element elementor-element-4f8e29ee elementor-icon-list--layout-traditional elementor-list-item-link-full_width elementor-widget elementor-widget-icon-list\" data-id=\"4f8e29ee\" data-element_type=\"widget\" data-e-type=\"widget\" data-widget_type=\"icon-list.default\">\n\t\t\t\t<div class=\"elementor-widget-container\">\n\t\t\t\t\t\t\t<ul class=\"elementor-icon-list-items\">\n\t\t\t\t\t\t\t<li class=\"elementor-icon-list-item\">\n\t\t\t\t\t\t\t\t\t\t\t<span class=\"elementor-icon-list-icon\">\n\t\t\t\t\t\t\t<i aria-hidden=\"true\" class=\"fas fa-check\"><\/i>\t\t\t\t\t\t<\/span>\n\t\t\t\t\t\t\t\t\t\t<span class=\"elementor-icon-list-text\">Easy to&nbsp;use<\/span>\n\t\t\t\t\t\t\t\t\t<\/li>\n\t\t\t\t\t\t\t\t<li class=\"elementor-icon-list-item\">\n\t\t\t\t\t\t\t\t\t\t\t<span class=\"elementor-icon-list-icon\">\n\t\t\t\t\t\t\t<i aria-hidden=\"true\" class=\"fas fa-check\"><\/i>\t\t\t\t\t\t<\/span>\n\t\t\t\t\t\t\t\t\t\t<span class=\"elementor-icon-list-text\">Ideal f\u00fcr Kart\u00adf\u00adfoeln, Zwiebeln, Kno\u00adblauch &amp;&nbsp;mehr<\/span>\n\t\t\t\t\t\t\t\t\t<\/li>\n\t\t\t\t\t\t\t\t<li class=\"elementor-icon-list-item\">\n\t\t\t\t\t\t\t\t\t\t\t<span class=\"elementor-icon-list-icon\">\n\t\t\t\t\t\t\t<i aria-hidden=\"true\" class=\"fas fa-check\"><\/i>\t\t\t\t\t\t<\/span>\n\t\t\t\t\t\t\t\t\t\t<span class=\"elementor-icon-list-text\">Suitable for all common net materials and foil&nbsp;tubes<\/span>\n\t\t\t\t\t\t\t\t\t<\/li>\n\t\t\t\t\t\t\t\t<li class=\"elementor-icon-list-item\">\n\t\t\t\t\t\t\t\t\t\t\t<span class=\"elementor-icon-list-icon\">\n\t\t\t\t\t\t\t<i aria-hidden=\"true\" class=\"fas fa-check\"><\/i>\t\t\t\t\t\t<\/span>\n\t\t\t\t\t\t\t\t\t\t<span class=\"elementor-icon-list-text\">Net length can be determined manually<\/span>\n\t\t\t\t\t\t\t\t\t<\/li>\n\t\t\t\t\t\t\t\t<li class=\"elementor-icon-list-item\">\n\t\t\t\t\t\t\t\t\t\t\t<span class=\"elementor-icon-list-icon\">\n\t\t\t\t\t\t\t<i aria-hidden=\"true\" class=\"fas fa-check\"><\/i>\t\t\t\t\t\t<\/span>\n\t\t\t\t\t\t\t\t\t\t<span class=\"elementor-icon-list-text\">Package sizes: up to 5 kg net weight<\/span>\n\t\t\t\t\t\t\t\t\t<\/li>\n\t\t\t\t\t\t\t\t<li class=\"elementor-icon-list-item\">\n\t\t\t\t\t\t\t\t\t\t\t<span class=\"elementor-icon-list-icon\">\n\t\t\t\t\t\t\t<i aria-hidden=\"true\" class=\"fas fa-check\"><\/i>\t\t\t\t\t\t<\/span>\n\t\t\t\t\t\t\t\t\t\t<span class=\"elementor-icon-list-text\">Up to 40 packs per minute<\/span>\n\t\t\t\t\t\t\t\t\t<\/li>\n\t\t\t\t\t\t\t\t<li class=\"elementor-icon-list-item\">\n\t\t\t\t\t\t\t\t\t\t\t<span class=\"elementor-icon-list-icon\">\n\t\t\t\t\t\t\t<i aria-hidden=\"true\" class=\"fas fa-check\"><\/i>\t\t\t\t\t\t<\/span>\n\t\t\t\t\t\t\t\t\t\t<span class=\"elementor-icon-list-text\">Great price-per\u00adformance ratio<\/span>\n\t\t\t\t\t\t\t\t\t<\/li>\n\t\t\t\t\t\t\t\t<li class=\"elementor-icon-list-item\">\n\t\t\t\t\t\t\t\t\t\t\t<span class=\"elementor-icon-list-icon\">\n\t\t\t\t\t\t\t<i aria-hidden=\"true\" class=\"fas fa-check\"><\/i>\t\t\t\t\t\t<\/span>\n\t\t\t\t\t\t\t\t\t\t<span class=\"elementor-icon-list-text\">Optionally with labeling and thermal transfer printer<\/span>\n\t\t\t\t\t\t\t\t\t<\/li>\n\t\t\t\t\t\t<\/ul>\n\t\t\t\t\t\t<\/div>\n\t\t\t\t<\/div>\n\t\t\t\t\t<\/div>\n\t\t<\/div>\n\t\t\t\t<div class=\"elementor-column elementor-col-50 elementor-top-column elementor-element elementor-element-12023ab0\" data-id=\"12023ab0\" data-element_type=\"column\" data-e-type=\"column\">\n\t\t\t<div class=\"elementor-widget-wrap elementor-element-populated\">\n\t\t\t\t\t\t\t<\/div>\n\t\t<\/div>\n\t\t\t\t\t<\/div>\n\t\t<\/section>\n\t\t\t\t<section class=\"elementor-section elementor-top-section elementor-element elementor-element-5ddc6206 elementor-section-boxed elementor-section-height-default elementor-section-height-default\" data-id=\"5ddc6206\" data-element_type=\"section\" data-e-type=\"section\">\n\t\t\t\t\t\t<div class=\"elementor-container elementor-column-gap-default\">\n\t\t\t\t\t<div class=\"elementor-column elementor-col-100 elementor-top-column elementor-element elementor-element-1f464759\" data-id=\"1f464759\" data-element_type=\"column\" data-e-type=\"column\">\n\t\t\t<div class=\"elementor-widget-wrap elementor-element-populated\">\n\t\t\t\t\t\t<div class=\"elementor-element elementor-element-76580d17 elementor-widget elementor-widget-spacer\" data-id=\"76580d17\" data-element_type=\"widget\" data-e-type=\"widget\" data-widget_type=\"spacer.default\">\n\t\t\t\t<div class=\"elementor-widget-container\">\n\t\t\t\t\t\t\t<div class=\"elementor-spacer\">\n\t\t\t<div class=\"elementor-spacer-inner\"><\/div>\n\t\t<\/div>\n\t\t\t\t\t\t<\/div>\n\t\t\t\t<\/div>\n\t\t\t\t<div class=\"elementor-element elementor-element-54c6f143 elementor-widget elementor-widget-eael-adv-accordion\" data-id=\"54c6f143\" data-element_type=\"widget\" data-e-type=\"widget\" data-widget_type=\"eael-adv-accordion.default\">\n\t\t\t\t<div class=\"elementor-widget-container\">\n\t\t\t\t\t            <div class=\"eael-adv-accordion\" id=\"eael-adv-accordion-54c6f143\" data-scroll-on-click=\"no\" data-scroll-speed=\"300\" data-accordion-id=\"54c6f143\" data-accordion-type=\"accordion\" data-toogle-speed=\"300\">\n            <div class=\"eael-accordion-list\">\n\t\t\t\t\t<div id=\"mehr-informationen\" class=\"elementor-tab-title eael-accordion-header\" tabindex=\"0\" data-tab=\"1\" aria-controls=\"elementor-tab-content-1421\"><span class=\"eael-advanced-accordion-icon-closed\"><i aria-hidden=\"true\" class=\"fa-accordion-icon fas fa-plus\"><\/i><\/span><span class=\"eael-advanced-accordion-icon-opened\"><i aria-hidden=\"true\" class=\"fa-accordion-icon fas fa-minus\"><\/i><\/span><span class=\"eael-accordion-tab-title\">More Inform\u00adation<\/span><i aria-hidden=\"true\" class=\"fa-toggle fas fa-angle-right\"><\/i><\/div><div id=\"elementor-tab-content-1421\" class=\"eael-accordion-content clearfix\" data-tab=\"1\" aria-labelledby=\"mehr-informationen\"><p>The GKV 2207 is one of the very first machines in the Gekupack\u00ae port\u00adfolio and has proven itself thou\u00adsands of times by now. The semi-auto\u00admatic double clipper GKV2207 is a hand-held device for pack\u00adaging various products in nets or film tubes with wire clip. The compact device is equipped with Gekupack\u2019s ori\u00adginal clip head unit TK 6, which is exclus\u00adively man\u00adu\u00adfac\u00adtured by Gekupack\u00ae and used by numerous well-known man\u00adu\u00adfac\u00adturers of net clippers (fully automatic).<\/p><p>&nbsp;<\/p><p>In the process, the GKV 2207 with the TK6 pro\u00adduces a high-quality, visually appealing and reliable closure made of clipping tape. The product enters the one-side clipped pack\u00adaging material through the optional net tube with feed hopper. Once the product has been filled, the operator triggers the simple clip sep\u00adar\u00adation process. Two metal clips are tightly wrapped around the shirred pack\u00adaging material. The packs are neatly sep\u00adarated between the two clips by a&nbsp;knife.<\/p><p>&nbsp;<\/p><p>Optionally, the GKV2207 can be equipped with an auto\u00admatic label feeder (optionally with a thermal transfer printer as well) to mark packages.<\/p><ul><li>Package sizes: up to 5 kg net weight<\/li><li>Per\u00adformance: over 40 packs \/ minute<\/li><li>Per\u00adsonnel requirement: 1 person<\/li><li>Elec\u00adtrical con\u00adnection: 230\/400 V, 50 Hz, 0.4&nbsp;kW<\/li><li>Weight: 60&nbsp;kg<\/li><li>Wrapping material: net and foil&nbsp;tube<\/li><li>Optional accessories: label feeder, thermal transfer printer, filling device<\/li><\/ul><\/div>\n\t\t\t\t\t<\/div><div class=\"eael-accordion-list\">\n\t\t\t\t\t<div id=\"anwendungsbeispiele\" class=\"elementor-tab-title eael-accordion-header\" tabindex=\"0\" data-tab=\"2\" aria-controls=\"elementor-tab-content-1422\"><span class=\"eael-advanced-accordion-icon-closed\"><i aria-hidden=\"true\" class=\"fa-accordion-icon fas fa-plus\"><\/i><\/span><span class=\"eael-advanced-accordion-icon-opened\"><i aria-hidden=\"true\" class=\"fa-accordion-icon fas fa-minus\"><\/i><\/span><span class=\"eael-accordion-tab-title\">Use-Cases<\/span><i aria-hidden=\"true\" class=\"fa-toggle fas fa-angle-right\"><\/i><\/div><div id=\"elementor-tab-content-1422\" class=\"eael-accordion-content clearfix\" data-tab=\"2\" aria-labelledby=\"anwendungsbeispiele\"><p>The semi-auto\u00admatic double clipper GKV 2207 is used for packing fruits and veget\u00adables such as potatoes, onions, carrots, citrus fruits, apples, tomatoes and peppers, but also rolls, cheese, con\u00adfec\u00adtionery, chunky goods and plastic parts in nets or film&nbsp;tubes.<\/p><\/div>\n\t\t\t\t\t<\/div><div class=\"eael-accordion-list\">\n\t\t\t\t\t<div id=\"downloads\" class=\"elementor-tab-title eael-accordion-header\" tabindex=\"0\" data-tab=\"3\" aria-controls=\"elementor-tab-content-1423\"><span class=\"eael-advanced-accordion-icon-closed\"><i aria-hidden=\"true\" class=\"fa-accordion-icon fas fa-plus\"><\/i><\/span><span class=\"eael-advanced-accordion-icon-opened\"><i aria-hidden=\"true\" class=\"fa-accordion-icon fas fa-minus\"><\/i><\/span><span class=\"eael-accordion-tab-title\">Down\u00adloads<\/span><i aria-hidden=\"true\" class=\"fa-toggle fas fa-angle-right\"><\/i><\/div><div id=\"elementor-tab-content-1423\" class=\"eael-accordion-content clearfix\" data-tab=\"3\" aria-labelledby=\"downloads\"><p>Download PDF flyer now: <a href=\"https:\/\/gekupack.de\/wp-content\/uploads\/2022\/05\/GKV-2207.pdf\">DE &amp;&nbsp;EN<\/a><\/p><\/div>\n\t\t\t\t\t<\/div><\/div>\t\t\t\t<\/div>\n\t\t\t\t<\/div>\n\t\t\t\t\t<\/div>\n\t\t<\/div>\n\t\t\t\t\t<\/div>\n\t\t<\/section>\n\t\t\t\t<section class=\"elementor-section elementor-top-section elementor-element elementor-element-2f1e021 elementor-section-content-middle elementor-section-boxed elementor-section-height-default elementor-section-height-default\" data-id=\"2f1e021\" data-element_type=\"section\" data-e-type=\"section\">\n\t\t\t\t\t\t<div class=\"elementor-container elementor-column-gap-default\">\n\t\t\t\t\t<div class=\"elementor-column elementor-col-50 elementor-top-column elementor-element elementor-element-5058b6b5\" data-id=\"5058b6b5\" data-element_type=\"column\" data-e-type=\"column\">\n\t\t\t<div class=\"elementor-widget-wrap elementor-element-populated\">\n\t\t\t\t\t\t<div class=\"elementor-element elementor-element-74f75bab elementor-view-default elementor-widget elementor-widget-icon\" data-id=\"74f75bab\" data-element_type=\"widget\" data-e-type=\"widget\" data-widget_type=\"icon.default\">\n\t\t\t\t<div class=\"elementor-widget-container\">\n\t\t\t\t\t\t\t<div class=\"elementor-icon-wrapper\">\n\t\t\t<a class=\"elementor-icon\" href=\"\/en\/kontakt\/\">\n\t\t\t<i aria-hidden=\"true\" class=\"fas fa-mail-bulk\"><\/i>\t\t\t<\/a>\n\t\t<\/div>\n\t\t\t\t\t\t<\/div>\n\t\t\t\t<\/div>\n\t\t\t\t\t<\/div>\n\t\t<\/div>\n\t\t\t\t<div class=\"elementor-column elementor-col-50 elementor-top-column elementor-element elementor-element-230906e3\" data-id=\"230906e3\" data-element_type=\"column\" data-e-type=\"column\">\n\t\t\t<div class=\"elementor-widget-wrap elementor-element-populated\">\n\t\t\t\t\t\t<div class=\"elementor-element elementor-element-7f8823b0 elementor-widget elementor-widget-text-editor\" data-id=\"7f8823b0\" data-element_type=\"widget\" data-e-type=\"widget\" data-widget_type=\"text-editor.default\">\n\t\t\t\t<div class=\"elementor-widget-container\">\n\t\t\t\t\t\t\t\t\t<p style=\"text-align: center;\"><a href=\"\/en\/kontakt\/\"><strong>Are you inter\u00adested in pack\u00adaging machines? Then feel free to contact us&nbsp;now.<\/strong><\/a><\/p>\t\t\t\t\t\t\t\t<\/div>\n\t\t\t\t<\/div>\n\t\t\t\t\t<\/div>\n\t\t<\/div>\n\t\t\t\t\t<\/div>\n\t\t<\/section>\n\t\t\t\t<\/div>","protected":false},"excerpt":{"rendered":"<p>Kos\u00adteng\u00fcn\u00adstiger Hal\u00adbautomat zum Ver\u00adpacken in Netzen mit Drahtclip \u2013 Viel\u00adseitig ein\u00adset\u00adzbares Handger\u00e4t f\u00fcr diverse Produktbereiche<\/p>","protected":false},"author":1,"featured_media":0,"parent":1653,"menu_order":0,"comment_status":"closed","ping_status":"closed","template":"","meta":{"wp_typography_post_enhancements_disabled":false,"footnotes":""},"class_list":["post-4212","page","type-page","status-publish","hentry"],"yoast_head":"<!-- This site is optimized with the Yoast SEO plugin v27.3 - https:\/\/yoast.com\/product\/yoast-seo-wordpress\/ -->\n<title>Halbautomatischer Doppelclipper f\u00fcr Netzverpackungen<\/title>\n<meta name=\"description\" content=\"Kosteng\u00fcnstiger Halbautomat zum Verpacken in Netzen mit Drahtclip - Vielseitig einsetzbares Handger\u00e4t f\u00fcr diverse Produktbereiche\" \/>\n<meta name=\"robots\" content=\"index, follow, max-snippet:-1, max-image-preview:large, max-video-preview:-1\" \/>\n<link rel=\"canonical\" href=\"https:\/\/gekupack.de\/en\/unsere-loesungen\/maschinen\/netzschweissmaschinen\/halbautomatischer-doppelclipper\/\" \/>\n<meta property=\"og:locale\" content=\"en_GB\" \/>\n<meta property=\"og:type\" content=\"article\" \/>\n<meta property=\"og:title\" content=\"Halbautomatischer Doppelclipper f\u00fcr Netzverpackungen\" \/>\n<meta property=\"og:description\" content=\"Kosteng\u00fcnstiger Halbautomat zum Verpacken in Netzen mit Drahtclip - Vielseitig einsetzbares Handger\u00e4t f\u00fcr diverse Produktbereiche\" \/>\n<meta property=\"og:url\" content=\"https:\/\/gekupack.de\/en\/unsere-loesungen\/maschinen\/netzschweissmaschinen\/halbautomatischer-doppelclipper\/\" \/>\n<meta property=\"og:site_name\" content=\"GK Industries GmbH\" \/>\n<meta property=\"article:publisher\" content=\"https:\/\/www.facebook.com\/gekupack\/\" \/>\n<meta property=\"article:modified_time\" content=\"2025-10-22T09:10:40+00:00\" \/>\n<meta name=\"twitter:card\" content=\"summary_large_image\" \/>\n<meta name=\"twitter:label1\" content=\"Estimated reading time\" \/>\n\t<meta name=\"twitter:data1\" content=\"2 minutes\" \/>\n<script type=\"application\/ld+json\" class=\"yoast-schema-graph\">{\"@context\":\"https:\\\/\\\/schema.org\",\"@graph\":[{\"@type\":\"WebPage\",\"@id\":\"https:\\\/\\\/gekupack.de\\\/unsere-loesungen\\\/maschinen\\\/netzschweissmaschinen\\\/halbautomatischer-doppelclipper\\\/\",\"url\":\"https:\\\/\\\/gekupack.de\\\/unsere-loesungen\\\/maschinen\\\/netzschweissmaschinen\\\/halbautomatischer-doppelclipper\\\/\",\"name\":\"Halbautomatischer Doppelclipper f\u00fcr Netzverpackungen\",\"isPartOf\":{\"@id\":\"https:\\\/\\\/gekupack.de\\\/#website\"},\"datePublished\":\"2022-05-03T08:42:26+00:00\",\"dateModified\":\"2025-10-22T09:10:40+00:00\",\"description\":\"Kosteng\u00fcnstiger Halbautomat zum Verpacken in Netzen mit Drahtclip - Vielseitig einsetzbares Handger\u00e4t f\u00fcr diverse Produktbereiche\",\"breadcrumb\":{\"@id\":\"https:\\\/\\\/gekupack.de\\\/unsere-loesungen\\\/maschinen\\\/netzschweissmaschinen\\\/halbautomatischer-doppelclipper\\\/#breadcrumb\"},\"inLanguage\":\"en-GB\",\"potentialAction\":[{\"@type\":\"ReadAction\",\"target\":[\"https:\\\/\\\/gekupack.de\\\/unsere-loesungen\\\/maschinen\\\/netzschweissmaschinen\\\/halbautomatischer-doppelclipper\\\/\"]}]},{\"@type\":\"BreadcrumbList\",\"@id\":\"https:\\\/\\\/gekupack.de\\\/unsere-loesungen\\\/maschinen\\\/netzschweissmaschinen\\\/halbautomatischer-doppelclipper\\\/#breadcrumb\",\"itemListElement\":[{\"@type\":\"ListItem\",\"position\":1,\"name\":\"Startseite\",\"item\":\"https:\\\/\\\/gekupack.de\\\/\"},{\"@type\":\"ListItem\",\"position\":2,\"name\":\"Unsere L\u00f6sungen\",\"item\":\"https:\\\/\\\/gekupack.de\\\/unsere-loesungen\\\/\"},{\"@type\":\"ListItem\",\"position\":3,\"name\":\"Maschinen\",\"item\":\"https:\\\/\\\/gekupack.de\\\/unsere-loesungen\\\/maschinen\\\/\"},{\"@type\":\"ListItem\",\"position\":4,\"name\":\"Netzmaschinen\",\"item\":\"https:\\\/\\\/gekupack.de\\\/unsere-loesungen\\\/maschinen\\\/netzschweissmaschinen\\\/\"},{\"@type\":\"ListItem\",\"position\":5,\"name\":\"Halbautomatischer Doppelclipper\"}]},{\"@type\":\"WebSite\",\"@id\":\"https:\\\/\\\/gekupack.de\\\/#website\",\"url\":\"https:\\\/\\\/gekupack.de\\\/\",\"name\":\"GK Industries GmbH\",\"description\":\"Wir sind Ihr Ansprechpartner, wenn es um L\u00f6sungen im Bereich der Verpackungstechnik geht - von einzelnen Maschinen bis hin zu komplexen Produktionslinien und vollst\u00e4ndigen Anlagen.\",\"publisher\":{\"@id\":\"https:\\\/\\\/gekupack.de\\\/#organization\"},\"potentialAction\":[{\"@type\":\"SearchAction\",\"target\":{\"@type\":\"EntryPoint\",\"urlTemplate\":\"https:\\\/\\\/gekupack.de\\\/?s={search_term_string}\"},\"query-input\":{\"@type\":\"PropertyValueSpecification\",\"valueRequired\":true,\"valueName\":\"search_term_string\"}}],\"inLanguage\":\"en-GB\"},{\"@type\":\"Organization\",\"@id\":\"https:\\\/\\\/gekupack.de\\\/#organization\",\"name\":\"GK Industries GmbH\",\"url\":\"https:\\\/\\\/gekupack.de\\\/\",\"logo\":{\"@type\":\"ImageObject\",\"inLanguage\":\"en-GB\",\"@id\":\"https:\\\/\\\/gekupack.de\\\/#\\\/schema\\\/logo\\\/image\\\/\",\"url\":\"https:\\\/\\\/i0.wp.com\\\/gekupack.de\\\/wp-content\\\/uploads\\\/2022\\\/04\\\/GKI_Logo_komprimiert.png?fit=1146%2C545&ssl=1\",\"contentUrl\":\"https:\\\/\\\/i0.wp.com\\\/gekupack.de\\\/wp-content\\\/uploads\\\/2022\\\/04\\\/GKI_Logo_komprimiert.png?fit=1146%2C545&ssl=1\",\"width\":1146,\"height\":545,\"caption\":\"GK Industries GmbH\"},\"image\":{\"@id\":\"https:\\\/\\\/gekupack.de\\\/#\\\/schema\\\/logo\\\/image\\\/\"},\"sameAs\":[\"https:\\\/\\\/www.facebook.com\\\/gekupack\\\/\"]}]}<\/script>\n<!-- \/ Yoast SEO plugin. -->","yoast_head_json":{"title":"Hal\u00adbauto\u00admat\u00adischer Dop\u00adpel\u00adclipper f\u00fcr Netzverpackungen","description":"Kos\u00adteng\u00fcn\u00adstiger Hal\u00adbautomat zum Ver\u00adpacken in Netzen mit Drahtclip \u2014 Viel\u00adseitig ein\u00adset\u00adzbares Handger\u00e4t f\u00fcr diverse Produktbereiche","robots":{"index":"index","follow":"follow","max-snippet":"max-snippet:-1","max-image-preview":"max-image-preview:large","max-video-preview":"max-video-preview:-1"},"canonical":"https:\/\/gekupack.de\/en\/unsere-loesungen\/maschinen\/netzschweissmaschinen\/halbautomatischer-doppelclipper\/","og_locale":"en_GB","og_type":"article","og_title":"Halbautomatischer Doppelclipper f\u00fcr Netzverpackungen","og_description":"Kosteng\u00fcnstiger Halbautomat zum Verpacken in Netzen mit Drahtclip - Vielseitig einsetzbares Handger\u00e4t f\u00fcr diverse Produktbereiche","og_url":"https:\/\/gekupack.de\/en\/unsere-loesungen\/maschinen\/netzschweissmaschinen\/halbautomatischer-doppelclipper\/","og_site_name":"GK Industries GmbH","article_publisher":"https:\/\/www.facebook.com\/gekupack\/","article_modified_time":"2025-10-22T09:10:40+00:00","twitter_card":"summary_large_image","twitter_misc":{"Estimated reading time":"2 minutes"},"schema":{"@context":"https:\/\/schema.org","@graph":[{"@type":"WebPage","@id":"https:\/\/gekupack.de\/unsere-loesungen\/maschinen\/netzschweissmaschinen\/halbautomatischer-doppelclipper\/","url":"https:\/\/gekupack.de\/unsere-loesungen\/maschinen\/netzschweissmaschinen\/halbautomatischer-doppelclipper\/","name":"Hal\u00adbauto\u00admat\u00adischer Dop\u00adpel\u00adclipper f\u00fcr Netzverpackungen","isPartOf":{"@id":"https:\/\/gekupack.de\/#website"},"datePublished":"2022-05-03T08:42:26+00:00","dateModified":"2025-10-22T09:10:40+00:00","description":"Kos\u00adteng\u00fcn\u00adstiger Hal\u00adbautomat zum Ver\u00adpacken in Netzen mit Drahtclip \u2014 Viel\u00adseitig ein\u00adset\u00adzbares Handger\u00e4t f\u00fcr diverse Produktbereiche","breadcrumb":{"@id":"https:\/\/gekupack.de\/unsere-loesungen\/maschinen\/netzschweissmaschinen\/halbautomatischer-doppelclipper\/#breadcrumb"},"inLanguage":"en-GB","potentialAction":[{"@type":"ReadAction","target":["https:\/\/gekupack.de\/unsere-loesungen\/maschinen\/netzschweissmaschinen\/halbautomatischer-doppelclipper\/"]}]},{"@type":"BreadcrumbList","@id":"https:\/\/gekupack.de\/unsere-loesungen\/maschinen\/netzschweissmaschinen\/halbautomatischer-doppelclipper\/#breadcrumb","itemListElement":[{"@type":"ListItem","position":1,"name":"Startseite","item":"https:\/\/gekupack.de\/"},{"@type":"ListItem","position":2,"name":"Unsere L\u00f6sungen","item":"https:\/\/gekupack.de\/unsere-loesungen\/"},{"@type":"ListItem","position":3,"name":"Maschinen","item":"https:\/\/gekupack.de\/unsere-loesungen\/maschinen\/"},{"@type":"ListItem","position":4,"name":"Netzmaschinen","item":"https:\/\/gekupack.de\/unsere-loesungen\/maschinen\/netzschweissmaschinen\/"},{"@type":"ListItem","position":5,"name":"Halbautomatischer Doppelclipper"}]},{"@type":"WebSite","@id":"https:\/\/gekupack.de\/#website","url":"https:\/\/gekupack.de\/","name":"GK Indus\u00adtries&nbsp;GmbH","description":"Wir sind Ihr Ans\u00adprech\u00adpartner, wenn es um L\u00f6sungen im Bereich der Ver\u00adpack\u00adung\u00ads\u00adtechnik geht \u2014 von ein\u00adzelnen Maschinen bis hin zu kom\u00adplexen Produk\u00adtionslinien und voll\u00adst\u00e4ndigen Anlagen.","publisher":{"@id":"https:\/\/gekupack.de\/#organization"},"potentialAction":[{"@type":"SearchAction","target":{"@type":"EntryPoint","urlTemplate":"https:\/\/gekupack.de\/?s={search_term_string}"},"query-input":{"@type":"PropertyValueSpecification","valueRequired":true,"valueName":"search_term_string"}}],"inLanguage":"en-GB"},{"@type":"Organization","@id":"https:\/\/gekupack.de\/#organization","name":"GK Indus\u00adtries&nbsp;GmbH","url":"https:\/\/gekupack.de\/","logo":{"@type":"ImageObject","inLanguage":"en-GB","@id":"https:\/\/gekupack.de\/#\/schema\/logo\/image\/","url":"https:\/\/i0.wp.com\/gekupack.de\/wp-content\/uploads\/2022\/04\/GKI_Logo_komprimiert.png?fit=1146%2C545&ssl=1","contentUrl":"https:\/\/i0.wp.com\/gekupack.de\/wp-content\/uploads\/2022\/04\/GKI_Logo_komprimiert.png?fit=1146%2C545&ssl=1","width":1146,"height":545,"caption":"GK Industries GmbH"},"image":{"@id":"https:\/\/gekupack.de\/#\/schema\/logo\/image\/"},"sameAs":["https:\/\/www.facebook.com\/gekupack\/"]}]}},"jetpack_sharing_enabled":true,"_links":{"self":[{"href":"https:\/\/gekupack.de\/en\/wp-json\/wp\/v2\/pages\/4212","targetHints":{"allow":["GET"]}}],"collection":[{"href":"https:\/\/gekupack.de\/en\/wp-json\/wp\/v2\/pages"}],"about":[{"href":"https:\/\/gekupack.de\/en\/wp-json\/wp\/v2\/types\/page"}],"author":[{"embeddable":true,"href":"https:\/\/gekupack.de\/en\/wp-json\/wp\/v2\/users\/1"}],"replies":[{"embeddable":true,"href":"https:\/\/gekupack.de\/en\/wp-json\/wp\/v2\/comments?post=4212"}],"version-history":[{"count":65,"href":"https:\/\/gekupack.de\/en\/wp-json\/wp\/v2\/pages\/4212\/revisions"}],"predecessor-version":[{"id":6253,"href":"https:\/\/gekupack.de\/en\/wp-json\/wp\/v2\/pages\/4212\/revisions\/6253"}],"up":[{"embeddable":true,"href":"https:\/\/gekupack.de\/en\/wp-json\/wp\/v2\/pages\/1653"}],"wp:attachment":[{"href":"https:\/\/gekupack.de\/en\/wp-json\/wp\/v2\/media?parent=4212"}],"curies":[{"name":"wp","href":"https:\/\/api.w.org\/{rel}","templated":true}]}}